{"id":99322,"date":"2023-09-04T10:16:33","date_gmt":"2023-09-04T00:16:33","guid":{"rendered":"https:\/\/rev-trac.com\/privacy-policy\/datenschutzhinweis-fuer-einwohner-kaliforniens\/"},"modified":"2026-02-19T17:01:29","modified_gmt":"2026-02-19T06:01:29","slug":"datenschutzhinweis-fuer-einwohner-kaliforniens","status":"publish","type":"page","link":"https:\/\/rev-trac.com\/de\/privacy-policy\/datenschutzhinweis-fuer-einwohner-kaliforniens\/","title":{"rendered":"Datenschutzhinweis f\u00fcr Einwohner Kaliforniens"},"content":{"rendered":"\n<h3 class=\"wp-block-heading\">Definitionen<\/h3>\n\n<h4 class=\"wp-block-heading\">Website<\/h4>\n\n<p>Rev-trac.com<\/p>\n\n<h4 class=\"wp-block-heading\">Eigent\u00fcmer (oder Wir)<\/h4>\n\n<p>Bezeichnet die nat\u00fcrliche(n) Person(en) oder juristische(n) Einheit(en), die diese Website den Nutzern zur Verf\u00fcgung stellt.<\/p>\n\n<h4 class=\"wp-block-heading\">Nutzer (oder Sie)<\/h4>\n\n<p>Bezeichnet jede nat\u00fcrliche oder juristische Person, die diese Website nutzt.<\/p>\n\n<p>Dieser Datenschutzhinweis f\u00fcr Einwohner Kaliforniens erg\u00e4nzt die Informationen in der Datenschutzerkl\u00e4rung der Website und gilt ausschlie\u00dflich f\u00fcr alle Besucher, Nutzer und andere Personen, die im Bundesstaat Kalifornien wohnhaft sind. Wir haben diesen Hinweis eingef\u00fchrt, um dem California Consumer Privacy Act von 2018 (CCPA) zu entsprechen, und alle im CCPA definierten Begriffe haben die gleiche Bedeutung, wenn sie in diesem Hinweis verwendet werden. <\/p>\n\n<h3 class=\"wp-block-heading\">Informationen, die wir sammeln<\/h3>\n\n<p>Die Website sammelt Informationen, die einen bestimmten Verbraucher oder ein Ger\u00e4t identifizieren, sich auf ihn beziehen, ihn beschreiben, auf ihn verweisen, mit ihm in Verbindung gebracht werden k\u00f6nnen oder vern\u00fcnftigerweise direkt oder indirekt mit ihm verkn\u00fcpft werden k\u00f6nnen (\u201epersonenbezogene Daten\u201c).<\/p>\n\n<p>Personenbezogene Daten umfassen nicht:<\/p>\n\n<ul class=\"wp-block-list\">\n<li>\u00d6ffentlich zug\u00e4ngliche Informationen aus Regierungsaufzeichnungen.<\/li>\n\n\n\n<li>De-identifizierte oder aggregierte Verbraucherinformationen.<\/li>\n\n\n\n<li>Informationen, die vom Geltungsbereich des CCPA ausgeschlossen sind, wie bestimmte Gesundheits- oder medizinische Informationen und andere Kategorien von Informationen, die durch andere Gesetze gesch\u00fctzt sind.<\/li>\n<\/ul>\n\n<p>Wir erhalten die oben aufgef\u00fchrten Kategorien personenbezogener Daten aus den folgenden Quellenkategorien:<\/p>\n\n<ul class=\"wp-block-list\">\n<li>Direkt von Ihnen. Zum Beispiel aus Formularen, die Sie ausf\u00fcllen, oder Produkten und Dienstleistungen, die Sie kaufen. <\/li>\n\n\n\n<li>Indirekt von Ihnen. Zum Beispiel durch Beobachtung Ihrer Aktivit\u00e4ten auf unserer Website. <\/li>\n<\/ul>\n\n<h3 class=\"wp-block-heading\">Verwendung personenbezogener Daten<\/h3>\n\n<p>Wir k\u00f6nnen die von uns gesammelten personenbezogenen Daten f\u00fcr einen oder mehrere der folgenden Gesch\u00e4ftszwecke verwenden oder offenlegen:<\/p>\n\n<ul class=\"wp-block-list\">\n<li>Um den Grund zu erf\u00fcllen oder zu erreichen, aus dem Sie die Informationen bereitgestellt haben. Wenn Sie beispielsweise Ihren Namen und Ihre Kontaktdaten angeben, um ein Preisangebot anzufordern oder eine Frage zu unseren Dienstleistungen zu stellen, verwenden wir diese personenbezogenen Daten, um Ihre Anfrage zu beantworten. Wenn Sie Ihre personenbezogenen Daten zum Kauf eines Produkts oder einer Dienstleistung angeben, verwenden wir diese Informationen, um Ihre Zahlung zu verarbeiten und die Lieferung zu erleichtern. Wir k\u00f6nnen Ihre Informationen auch speichern, um neue Produktbestellungen zu erleichtern oder R\u00fccksendungen zu bearbeiten.   <\/li>\n\n\n\n<li>Zur Bearbeitung Ihrer Anfragen, K\u00e4ufe, Transaktionen und Zahlungen und zur Verhinderung von Transaktionsbetrug.<\/li>\n\n\n\n<li>Um Ihnen Unterst\u00fctzung zu bieten und Ihre Anfragen zu beantworten, einschlie\u00dflich der Untersuchung und Behebung Ihrer Bedenken sowie der \u00dcberwachung und Verbesserung unserer Antworten.<\/li>\n\n\n\n<li>Zur Beantwortung von Anfragen der Strafverfolgungsbeh\u00f6rden und wie nach geltendem Recht, Gerichtsbeschluss oder beh\u00f6rdlichen Vorschriften erforderlich.<\/li>\n\n\n\n<li>Wie Ihnen bei der Erfassung Ihrer personenbezogenen Daten beschrieben oder anderweitig im CCPA festgelegt.<\/li>\n\n\n\n<li>Zur Bewertung oder Durchf\u00fchrung einer Fusion, Ver\u00e4u\u00dferung, Umstrukturierung, Reorganisation, Aufl\u00f6sung oder eines anderen Verkaufs oder einer \u00dcbertragung aller oder eines Teils unserer oder der Verm\u00f6genswerte unserer verbundenen Unternehmen, bei der personenbezogene Daten, die von uns oder unseren verbundenen Unternehmen \u00fcber unsere Website-Nutzer gespeichert werden, zu den \u00fcbertragenen Verm\u00f6genswerten geh\u00f6ren.<\/li>\n<\/ul>\n\n<p>Wir werden keine zus\u00e4tzlichen Kategorien personenbezogener Daten sammeln oder die von uns gesammelten personenbezogenen Daten f\u00fcr wesentlich andere, nicht zusammenh\u00e4ngende oder inkompatible Zwecke verwenden, ohne Sie dar\u00fcber zu informieren.<\/p>\n\n<h3 class=\"wp-block-heading\">Weitergabe personenbezogener Daten<\/h3>\n\n<p>Wir k\u00f6nnen Ihre personenbezogenen Daten f\u00fcr einen Gesch\u00e4ftszweck an Dritte weitergeben. Wenn wir personenbezogene Daten f\u00fcr einen Gesch\u00e4ftszweck offenlegen, schlie\u00dfen wir einen Vertrag ab, der den Zweck beschreibt und den Empf\u00e4nger verpflichtet, diese personenbezogenen Daten vertraulich zu behandeln und sie ausschlie\u00dflich zur Erf\u00fcllung des Vertrags zu verwenden. <\/p>\n\n<p>Wir geben Ihre personenbezogenen Daten an die folgenden Kategorien von Dritten weiter:<\/p>\n\n<ul class=\"wp-block-list\">\n<li>Dienstleister.<\/li>\n\n\n\n<li>Datenaggregatoren.<\/li>\n<\/ul>\n\n<h3 class=\"wp-block-heading\">Ihre Rechte und Wahlm\u00f6glichkeiten<\/h3>\n\n<p>Der CCPA gew\u00e4hrt Verbrauchern (Einwohnern Kaliforniens) spezifische Rechte bez\u00fcglich ihrer personenbezogenen Daten. Dieser Abschnitt beschreibt Ihre CCPA-Rechte und erkl\u00e4rt, wie Sie diese Rechte aus\u00fcben k\u00f6nnen. <\/p>\n\n<h4 class=\"wp-block-heading\">Zugang zu spezifischen Informationen und Daten\u00fcbertragbarkeitsrechte<\/h4>\n\n<p>Sie haben das Recht, von uns die Offenlegung bestimmter Informationen \u00fcber unsere Erfassung und Verwendung Ihrer personenbezogenen Daten in den letzten 12 Monaten zu verlangen. Sobald wir Ihre \u00fcberpr\u00fcfbare Verbraucheranfrage erhalten und best\u00e4tigen (siehe Aus\u00fcbung der Zugangs-, Daten\u00fcbertragbarkeits- und L\u00f6schungsrechte), werden wir Ihnen Folgendes offenlegen: <\/p>\n\n<ul class=\"wp-block-list\">\n<li>Die Kategorien personenbezogener Daten, die wir \u00fcber Sie gesammelt haben.<\/li>\n\n\n\n<li>Die Kategorien von Quellen f\u00fcr die personenbezogenen Daten, die wir \u00fcber Sie gesammelt haben.<\/li>\n\n\n\n<li>Unser gesch\u00e4ftlicher oder kommerzieller Zweck f\u00fcr die Erfassung oder den Verkauf dieser personenbezogenen Daten.<\/li>\n\n\n\n<li>Die Kategorien von Dritten, mit denen wir diese personenbezogenen Daten teilen.<\/li>\n\n\n\n<li>Die spezifischen personenbezogenen Daten, die wir \u00fcber Sie gesammelt haben (auch als Daten\u00fcbertragbarkeitsanfrage bezeichnet).<\/li>\n\n\n\n<li>Wenn wir Ihre personenbezogenen Daten f\u00fcr einen Gesch\u00e4ftszweck verkauft oder offengelegt haben, zwei separate Listen, die Folgendes offenlegen:\n<ul class=\"wp-block-list\">\n<li>Verk\u00e4ufe, unter Angabe der Kategorien personenbezogener Daten, die jede Kategorie von Empf\u00e4ngern erworben hat; und<\/li>\n\n\n\n<li>Offenlegungen f\u00fcr einen Gesch\u00e4ftszweck, unter Angabe der Kategorien personenbezogener Daten, die jede Kategorie von Empf\u00e4ngern erhalten hat.<\/li>\n<\/ul>\n<\/li>\n<\/ul>\n\n<h4 class=\"wp-block-heading\">Rechte auf L\u00f6schung<\/h4>\n\n<p>Sie haben das Recht, von uns die L\u00f6schung aller Ihrer personenbezogenen Daten zu verlangen, die wir von Ihnen gesammelt und gespeichert haben, vorbehaltlich bestimmter Ausnahmen. Sobald wir Ihre \u00fcberpr\u00fcfbare Verbraucheranfrage erhalten und best\u00e4tigen (siehe Aus\u00fcbung der Zugangs-, Daten\u00fcbertragbarkeits- und L\u00f6schungsrechte), werden wir (und unsere Dienstleister anweisen, dies zu tun) Ihre personenbezogenen Daten aus unseren Aufzeichnungen l\u00f6schen, es sei denn, es liegt eine Ausnahme vor. <\/p>\n\n<p>Wir k\u00f6nnen Ihren L\u00f6schantrag ablehnen, wenn die Speicherung der Informationen f\u00fcr uns oder unsere Dienstleister erforderlich ist, um:<\/p>\n\n<ul class=\"wp-block-list\">\n<li>Die Transaktion abzuschlie\u00dfen, f\u00fcr die wir die personenbezogenen Daten gesammelt haben, eine von Ihnen angeforderte Ware oder Dienstleistung bereitzustellen, Ma\u00dfnahmen zu ergreifen, die im Rahmen unserer laufenden Gesch\u00e4ftsbeziehung mit Ihnen vern\u00fcnftigerweise erwartet werden, oder unseren Vertrag mit Ihnen anderweitig zu erf\u00fcllen.<\/li>\n\n\n\n<li>Sicherheitsvorf\u00e4lle zu erkennen, vor b\u00f6swilligen, betr\u00fcgerischen oder illegalen Aktivit\u00e4ten zu sch\u00fctzen oder die Verantwortlichen f\u00fcr solche Aktivit\u00e4ten strafrechtlich zu verfolgen.<\/li>\n\n\n\n<li>Produkte zu debuggen, um Fehler zu identifizieren und zu beheben, die die bestehende beabsichtigte Funktionalit\u00e4t beeintr\u00e4chtigen.<\/li>\n\n\n\n<li>Dem California Electronic Communications Privacy Act (Cal. Penal Code \u00a7 1546 ff.) zu entsprechen. Ausschlie\u00dflich interne Verwendungen zu erm\u00f6glichen, die vern\u00fcnftigerweise mit den Erwartungen der Verbraucher aufgrund Ihrer Beziehung zu uns \u00fcbereinstimmen. <\/li>\n\n\n\n<li>Einer gesetzlichen Verpflichtung nachzukommen.<\/li>\n\n\n\n<li>Andere interne und rechtm\u00e4\u00dfige Verwendungen dieser Informationen vorzunehmen, die mit dem Kontext, in dem Sie sie bereitgestellt haben, vereinbar sind.<\/li>\n<\/ul>\n\n<h4 class=\"wp-block-heading\">Aus\u00fcbung der Zugangs-, Daten\u00fcbertragbarkeits- und L\u00f6schungsrechte<\/h4>\n\n<p>Um die oben beschriebenen Zugangs-, Daten\u00fcbertragbarkeits- und L\u00f6schungsrechte auszu\u00fcben, senden Sie uns bitte eine \u00fcberpr\u00fcfbare Verbraucheranfrage entweder per:<\/p>\n\n<ul class=\"wp-block-list\">\n<li>E-Mail an website@rsc.group<\/li>\n<\/ul>\n\n<p>Nur Sie oder eine beim California Secretary of State registrierte Person, die Sie bevollm\u00e4chtigen, in Ihrem Namen zu handeln, k\u00f6nnen eine \u00fcberpr\u00fcfbare Verbraucheranfrage bez\u00fcglich Ihrer personenbezogenen Daten stellen. Sie k\u00f6nnen auch eine \u00fcberpr\u00fcfbare Verbraucheranfrage im Namen Ihres minderj\u00e4hrigen Kindes stellen. <\/p>\n\n<p>Sie k\u00f6nnen eine \u00fcberpr\u00fcfbare Verbraucheranfrage f\u00fcr den Zugang oder die Daten\u00fcbertragbarkeit nur zweimal innerhalb eines Zeitraums von 12 Monaten stellen. Die \u00fcberpr\u00fcfbare Verbraucheranfrage muss: <\/p>\n\n<ul class=\"wp-block-list\">\n<li>Ausreichende Informationen bereitstellen, die es uns erm\u00f6glichen, vern\u00fcnftigerweise zu \u00fcberpr\u00fcfen, dass Sie die Person sind, \u00fcber die wir personenbezogene Daten gesammelt haben, oder ein bevollm\u00e4chtigter Vertreter.<\/li>\n\n\n\n<li>Ihre Anfrage ausreichend detailliert beschreiben, damit wir sie richtig verstehen, bewerten und beantworten k\u00f6nnen.<\/li>\n<\/ul>\n\n<p>Wir k\u00f6nnen Ihre Anfrage nicht beantworten oder Ihnen personenbezogene Daten zur Verf\u00fcgung stellen, wenn wir Ihre Identit\u00e4t oder Ihre Berechtigung zur Stellung der Anfrage nicht \u00fcberpr\u00fcfen und best\u00e4tigen k\u00f6nnen, dass sich die personenbezogenen Daten auf Sie beziehen.<\/p>\n\n<p>Die Stellung einer \u00fcberpr\u00fcfbaren Verbraucheranfrage erfordert nicht, dass Sie ein Konto bei uns erstellen.<\/p>\n\n<p>Wir werden personenbezogene Daten, die in einer \u00fcberpr\u00fcfbaren Verbraucheranfrage bereitgestellt werden, ausschlie\u00dflich zur \u00dcberpr\u00fcfung der Identit\u00e4t oder Berechtigung des Anfragenden verwenden.<\/p>\n\n<h4 class=\"wp-block-heading\">Antwortzeit und -format<\/h4>\n\n<p>Wir bem\u00fchen uns, eine \u00fcberpr\u00fcfbare Verbraucheranfrage innerhalb von f\u00fcnfundvierzig (45) Tagen nach Erhalt zu beantworten. Sollten wir mehr Zeit ben\u00f6tigen, werden wir Sie schriftlich \u00fcber den Grund und die Verl\u00e4ngerungsfrist informieren. <\/p>\n\n<p>Wir werden unsere schriftliche Antwort nach Ihrer Wahl per Post oder elektronisch zustellen.<\/p>\n\n<p>Alle von uns bereitgestellten Offenlegungen beziehen sich nur auf den 12-Monats-Zeitraum vor Erhalt der \u00fcberpr\u00fcfbaren Verbraucheranfrage. Die von uns bereitgestellte Antwort wird gegebenenfalls auch die Gr\u00fcnde erl\u00e4utern, warum wir einer Anfrage nicht nachkommen k\u00f6nnen. F\u00fcr Daten\u00fcbertragbarkeitsanfragen w\u00e4hlen wir ein Format zur Bereitstellung Ihrer personenbezogenen Daten, das leicht nutzbar ist und es Ihnen erm\u00f6glichen sollte, die Informationen ungehindert von einer Entit\u00e4t zu einer anderen zu \u00fcbertragen.  <\/p>\n\n<p>Wir erheben keine Geb\u00fchr f\u00fcr die Bearbeitung oder Beantwortung Ihrer \u00fcberpr\u00fcfbaren Verbraucheranfrage, es sei denn, sie ist \u00fcberm\u00e4\u00dfig, wiederholend oder offensichtlich unbegr\u00fcndet. Wenn wir feststellen, dass die Anfrage eine Geb\u00fchr rechtfertigt, werden wir Ihnen mitteilen, warum wir diese Entscheidung getroffen haben, und Ihnen einen Kostenvoranschlag unterbreiten, bevor wir Ihre Anfrage bearbeiten. <\/p>\n\n<h4 class=\"wp-block-heading\">Verkauf personenbezogener Daten<\/h4>\n\n<p>Wir werden Ihre personenbezogenen Daten an keine Partei verkaufen. Sollten wir in Zukunft beabsichtigen, Ihre personenbezogenen Daten an eine Partei zu verkaufen, werden wir Ihnen die vom CCPA vorgeschriebenen Opt-out- und Opt-in-Rechte einr\u00e4umen. <\/p>\n\n<h3 class=\"wp-block-heading\">Nichtdiskriminierung<\/h3>\n\n<p>Wir werden Sie nicht diskriminieren, wenn Sie Ihre CCPA-Rechte aus\u00fcben. Sofern nicht durch den CCPA gestattet, werden wir nicht: <\/p>\n\n<ul class=\"wp-block-list\">\n<li>Ihnen Waren oder Dienstleistungen verweigern.<\/li>\n\n\n\n<li>Ihnen unterschiedliche Preise oder Tarife f\u00fcr Waren oder Dienstleistungen berechnen, einschlie\u00dflich der Gew\u00e4hrung von Rabatten oder anderen Vorteilen oder der Auferlegung von Strafen.<\/li>\n\n\n\n<li>Ihnen ein anderes Niveau oder eine andere Qualit\u00e4t von Waren oder Dienstleistungen bieten.<\/li>\n\n\n\n<li>Andeuten, dass Sie einen anderen Preis oder Tarif f\u00fcr Waren oder Dienstleistungen oder ein anderes Niveau oder eine andere Qualit\u00e4t von Waren oder Dienstleistungen erhalten k\u00f6nnten.<\/li>\n<\/ul>\n\n<h3 class=\"wp-block-heading\">Andere kalifornische Datenschutzrechte<\/h3>\n\n<p>Das kalifornische Gesetz \u201eShine the Light\u201c (Civil Code Section \u00a7 1798.83) erlaubt es Nutzern unserer Website, die in Kalifornien ans\u00e4ssig sind, bestimmte Informationen bez\u00fcglich unserer Offenlegung personenbezogener Daten an Dritte f\u00fcr deren Direktmarketingzwecke anzufordern. Um eine solche Anfrage zu stellen, senden Sie bitte eine E-Mail an website@rsc.group. <\/p>\n\n<h3 class=\"wp-block-heading\">\u00c4nderungen unseres Datenschutzhinweises<\/h3>\n\n<p>Wir behalten uns das Recht vor, diesen Datenschutzhinweis nach unserem Ermessen und jederzeit zu \u00e4ndern. Wenn wir \u00c4nderungen an diesem Datenschutzhinweis vornehmen, werden wir den aktualisierten Hinweis auf unserer Website ver\u00f6ffentlichen und das G\u00fcltigkeitsdatum des Hinweises aktualisieren. Ihre fortgesetzte Nutzung unserer Website nach der Ver\u00f6ffentlichung von \u00c4nderungen stellt Ihre Zustimmung zu diesen \u00c4nderungen dar.  <\/p>\n\n<h3 class=\"wp-block-heading\">Contact Us<\/h3>\n\n<p>Your information is controlled by Revelation Software Concepts. If you have questions or concerns about how your information is handled, please direct your inquiry to Revelation Software Concepts Pty Ltd, which we have appointed to be responsible for facilitating such inquiries. <\/p>\n\n<p>Datenschutzbeauftragter<br\/>Revelation Software Concepts<br\/>102\/351 Burwood Hwy<br\/>Forest Hill VIC 3131<br\/>AUSTRALIEN<br\/>Telefon: +61 3 9955 9700<br\/>E-Mail: <a href=\"mailto:data-privacy@rev-trac.com\">data-privacy@rev-trac.com<\/a><\/p>\n","protected":false},"excerpt":{"rendered":"<p>Definitionen Website Rev-trac.com Eigent\u00fcmer (oder Wir) Bezeichnet die nat\u00fcrliche(n) Person(en) oder juristische(n) Einheit(en), die diese Website den Nutzern zur Verf\u00fcgung stellt. Nutzer (oder Sie) Bezeichnet jede nat\u00fcrliche oder juristische Person, die diese Website nutzt. Dieser Datenschutzhinweis f\u00fcr Einwohner Kaliforniens erg\u00e4nzt die Informationen in der Datenschutzerkl\u00e4rung der Website und gilt ausschlie\u00dflich f\u00fcr alle Besucher, Nutzer und [&hellip;]<\/p>\n","protected":false},"author":1,"featured_media":0,"parent":98908,"menu_order":0,"comment_status":"closed","ping_status":"open","template":"","meta":{"footnotes":""},"class_list":["post-99322","page","type-page","status-publish","hentry"],"yoast_head":"<!-- This site is optimized with the Yoast SEO Premium plugin v27.4 (Yoast SEO v27.4) - https:\/\/yoast.com\/product\/yoast-seo-premium-wordpress\/ -->\n<title>Datenschutzhinweis f\u00fcr Einwohner Kaliforniens - Rev-Trac<\/title>\n<meta name=\"description\" content=\"Definitionen Website Rev-trac.com Eigent\u00fcmer (oder Wir) Bezeichnet die nat\u00fcrliche(n) Person(en) oder juristische(n) Einheit(en), die diese Website den\" \/>\n<meta name=\"robots\" content=\"index, follow, max-snippet:-1, max-image-preview:large, max-video-preview:-1\" \/>\n<link rel=\"canonical\" href=\"https:\/\/rev-trac.com\/de\/privacy-policy\/datenschutzhinweis-fuer-einwohner-kaliforniens\/\" \/>\n<meta property=\"og:locale\" content=\"de_DE\" \/>\n<meta property=\"og:type\" content=\"article\" \/>\n<meta property=\"og:title\" content=\"Datenschutzhinweis f\u00fcr Einwohner Kaliforniens\" \/>\n<meta property=\"og:description\" content=\"Definitionen Website Rev-trac.com Eigent\u00fcmer (oder Wir) Bezeichnet die nat\u00fcrliche(n) Person(en) oder juristische(n) Einheit(en), die diese Website den\" \/>\n<meta property=\"og:url\" content=\"https:\/\/rev-trac.com\/de\/privacy-policy\/datenschutzhinweis-fuer-einwohner-kaliforniens\/\" \/>\n<meta property=\"og:site_name\" content=\"Rev-Trac\" \/>\n<meta property=\"article:publisher\" content=\"https:\/\/www.facebook.com\/revtrac\/\" \/>\n<meta property=\"article:modified_time\" content=\"2026-02-19T06:01:29+00:00\" \/>\n<meta property=\"og:image\" content=\"https:\/\/rev-trac.com\/wp-content\/uploads\/2025\/10\/manageSAPbeyondCharm2.png\" \/>\n\t<meta property=\"og:image:width\" content=\"1366\" \/>\n\t<meta property=\"og:image:height\" content=\"780\" \/>\n\t<meta property=\"og:image:type\" content=\"image\/png\" \/>\n<meta name=\"twitter:card\" content=\"summary_large_image\" \/>\n<meta name=\"twitter:site\" content=\"@revtrac\" \/>\n<meta name=\"twitter:label1\" content=\"Gesch\u00e4tzte Lesezeit\" \/>\n\t<meta name=\"twitter:data1\" content=\"9\u00a0Minuten\" \/>\n<script type=\"application\/ld+json\" class=\"yoast-schema-graph\">{\"@context\":\"https:\\\/\\\/schema.org\",\"@graph\":[{\"@type\":\"WebPage\",\"@id\":\"https:\\\/\\\/rev-trac.com\\\/de\\\/privacy-policy\\\/datenschutzhinweis-fuer-einwohner-kaliforniens\\\/\",\"url\":\"https:\\\/\\\/rev-trac.com\\\/de\\\/privacy-policy\\\/datenschutzhinweis-fuer-einwohner-kaliforniens\\\/\",\"name\":\"Datenschutzhinweis f\u00fcr Einwohner Kaliforniens - Rev-Trac\",\"isPartOf\":{\"@id\":\"https:\\\/\\\/rev-trac.com\\\/de\\\/#website\"},\"datePublished\":\"2023-09-04T00:16:33+00:00\",\"dateModified\":\"2026-02-19T06:01:29+00:00\",\"description\":\"Definitionen Website Rev-trac.com Eigent\u00fcmer (oder Wir) Bezeichnet die nat\u00fcrliche(n) Person(en) oder juristische(n) Einheit(en), die diese Website den\",\"breadcrumb\":{\"@id\":\"https:\\\/\\\/rev-trac.com\\\/de\\\/privacy-policy\\\/datenschutzhinweis-fuer-einwohner-kaliforniens\\\/#breadcrumb\"},\"inLanguage\":\"de\",\"potentialAction\":[{\"@type\":\"ReadAction\",\"target\":[\"https:\\\/\\\/rev-trac.com\\\/de\\\/privacy-policy\\\/datenschutzhinweis-fuer-einwohner-kaliforniens\\\/\"]}]},{\"@type\":\"BreadcrumbList\",\"@id\":\"https:\\\/\\\/rev-trac.com\\\/de\\\/privacy-policy\\\/datenschutzhinweis-fuer-einwohner-kaliforniens\\\/#breadcrumb\",\"itemListElement\":[{\"@type\":\"ListItem\",\"position\":1,\"name\":\"Home\",\"item\":\"https:\\\/\\\/rev-trac.com\\\/de\\\/\"},{\"@type\":\"ListItem\",\"position\":2,\"name\":\"Privacy policy\",\"item\":\"https:\\\/\\\/rev-trac.com\\\/de\\\/privacy-policy\\\/\"},{\"@type\":\"ListItem\",\"position\":3,\"name\":\"Datenschutzhinweis f\u00fcr Einwohner Kaliforniens\"}]},{\"@type\":\"WebSite\",\"@id\":\"https:\\\/\\\/rev-trac.com\\\/de\\\/#website\",\"url\":\"https:\\\/\\\/rev-trac.com\\\/de\\\/\",\"name\":\"Rev-Trac\",\"description\":\"Unifying SAP Change Management\",\"publisher\":{\"@id\":\"https:\\\/\\\/rev-trac.com\\\/de\\\/#organization\"},\"potentialAction\":[{\"@type\":\"SearchAction\",\"target\":{\"@type\":\"EntryPoint\",\"urlTemplate\":\"https:\\\/\\\/rev-trac.com\\\/de\\\/?s={search_term_string}\"},\"query-input\":{\"@type\":\"PropertyValueSpecification\",\"valueRequired\":true,\"valueName\":\"search_term_string\"}}],\"inLanguage\":\"de\"},{\"@type\":\"Organization\",\"@id\":\"https:\\\/\\\/rev-trac.com\\\/de\\\/#organization\",\"name\":\"Rev-Trac\",\"url\":\"https:\\\/\\\/rev-trac.com\\\/de\\\/\",\"logo\":{\"@type\":\"ImageObject\",\"inLanguage\":\"de\",\"@id\":\"https:\\\/\\\/rev-trac.com\\\/de\\\/#\\\/schema\\\/logo\\\/image\\\/\",\"url\":\"https:\\\/\\\/rev-trac.com\\\/wp-content\\\/uploads\\\/2022\\\/03\\\/Rev-TracwithTag_Horiz_colourrgb.png\",\"contentUrl\":\"https:\\\/\\\/rev-trac.com\\\/wp-content\\\/uploads\\\/2022\\\/03\\\/Rev-TracwithTag_Horiz_colourrgb.png\",\"width\":625,\"height\":163,\"caption\":\"Rev-Trac\"},\"image\":{\"@id\":\"https:\\\/\\\/rev-trac.com\\\/de\\\/#\\\/schema\\\/logo\\\/image\\\/\"},\"sameAs\":[\"https:\\\/\\\/www.facebook.com\\\/revtrac\\\/\",\"https:\\\/\\\/x.com\\\/revtrac\",\"https:\\\/\\\/www.youtube.com\\\/@rev-trac\",\"https:\\\/\\\/www.linkedin.com\\\/company\\\/rev-trac\\\/\",\"https:\\\/\\\/www.xing.com\\\/pages\\\/rev-trac\"]}]}<\/script>\n<!-- \/ Yoast SEO Premium plugin. -->","yoast_head_json":{"title":"Datenschutzhinweis f\u00fcr Einwohner Kaliforniens - Rev-Trac","description":"Definitionen Website Rev-trac.com Eigent\u00fcmer (oder Wir) Bezeichnet die nat\u00fcrliche(n) Person(en) oder juristische(n) Einheit(en), die diese Website den","robots":{"index":"index","follow":"follow","max-snippet":"max-snippet:-1","max-image-preview":"max-image-preview:large","max-video-preview":"max-video-preview:-1"},"canonical":"https:\/\/rev-trac.com\/de\/privacy-policy\/datenschutzhinweis-fuer-einwohner-kaliforniens\/","og_locale":"de_DE","og_type":"article","og_title":"Datenschutzhinweis f\u00fcr Einwohner Kaliforniens","og_description":"Definitionen Website Rev-trac.com Eigent\u00fcmer (oder Wir) Bezeichnet die nat\u00fcrliche(n) Person(en) oder juristische(n) Einheit(en), die diese Website den","og_url":"https:\/\/rev-trac.com\/de\/privacy-policy\/datenschutzhinweis-fuer-einwohner-kaliforniens\/","og_site_name":"Rev-Trac","article_publisher":"https:\/\/www.facebook.com\/revtrac\/","article_modified_time":"2026-02-19T06:01:29+00:00","og_image":[{"width":1366,"height":780,"url":"https:\/\/rev-trac.com\/wp-content\/uploads\/2025\/10\/manageSAPbeyondCharm2.png","type":"image\/png"}],"twitter_card":"summary_large_image","twitter_site":"@revtrac","twitter_misc":{"Gesch\u00e4tzte Lesezeit":"9\u00a0Minuten"},"schema":{"@context":"https:\/\/schema.org","@graph":[{"@type":"WebPage","@id":"https:\/\/rev-trac.com\/de\/privacy-policy\/datenschutzhinweis-fuer-einwohner-kaliforniens\/","url":"https:\/\/rev-trac.com\/de\/privacy-policy\/datenschutzhinweis-fuer-einwohner-kaliforniens\/","name":"Datenschutzhinweis f\u00fcr Einwohner Kaliforniens - Rev-Trac","isPartOf":{"@id":"https:\/\/rev-trac.com\/de\/#website"},"datePublished":"2023-09-04T00:16:33+00:00","dateModified":"2026-02-19T06:01:29+00:00","description":"Definitionen Website Rev-trac.com Eigent\u00fcmer (oder Wir) Bezeichnet die nat\u00fcrliche(n) Person(en) oder juristische(n) Einheit(en), die diese Website den","breadcrumb":{"@id":"https:\/\/rev-trac.com\/de\/privacy-policy\/datenschutzhinweis-fuer-einwohner-kaliforniens\/#breadcrumb"},"inLanguage":"de","potentialAction":[{"@type":"ReadAction","target":["https:\/\/rev-trac.com\/de\/privacy-policy\/datenschutzhinweis-fuer-einwohner-kaliforniens\/"]}]},{"@type":"BreadcrumbList","@id":"https:\/\/rev-trac.com\/de\/privacy-policy\/datenschutzhinweis-fuer-einwohner-kaliforniens\/#breadcrumb","itemListElement":[{"@type":"ListItem","position":1,"name":"Home","item":"https:\/\/rev-trac.com\/de\/"},{"@type":"ListItem","position":2,"name":"Privacy policy","item":"https:\/\/rev-trac.com\/de\/privacy-policy\/"},{"@type":"ListItem","position":3,"name":"Datenschutzhinweis f\u00fcr Einwohner Kaliforniens"}]},{"@type":"WebSite","@id":"https:\/\/rev-trac.com\/de\/#website","url":"https:\/\/rev-trac.com\/de\/","name":"Rev-Trac","description":"Unifying SAP Change Management","publisher":{"@id":"https:\/\/rev-trac.com\/de\/#organization"},"potentialAction":[{"@type":"SearchAction","target":{"@type":"EntryPoint","urlTemplate":"https:\/\/rev-trac.com\/de\/?s={search_term_string}"},"query-input":{"@type":"PropertyValueSpecification","valueRequired":true,"valueName":"search_term_string"}}],"inLanguage":"de"},{"@type":"Organization","@id":"https:\/\/rev-trac.com\/de\/#organization","name":"Rev-Trac","url":"https:\/\/rev-trac.com\/de\/","logo":{"@type":"ImageObject","inLanguage":"de","@id":"https:\/\/rev-trac.com\/de\/#\/schema\/logo\/image\/","url":"https:\/\/rev-trac.com\/wp-content\/uploads\/2022\/03\/Rev-TracwithTag_Horiz_colourrgb.png","contentUrl":"https:\/\/rev-trac.com\/wp-content\/uploads\/2022\/03\/Rev-TracwithTag_Horiz_colourrgb.png","width":625,"height":163,"caption":"Rev-Trac"},"image":{"@id":"https:\/\/rev-trac.com\/de\/#\/schema\/logo\/image\/"},"sameAs":["https:\/\/www.facebook.com\/revtrac\/","https:\/\/x.com\/revtrac","https:\/\/www.youtube.com\/@rev-trac","https:\/\/www.linkedin.com\/company\/rev-trac\/","https:\/\/www.xing.com\/pages\/rev-trac"]}]}},"_links":{"self":[{"href":"https:\/\/rev-trac.com\/de\/wp-json\/wp\/v2\/pages\/99322","targetHints":{"allow":["GET"]}}],"collection":[{"href":"https:\/\/rev-trac.com\/de\/wp-json\/wp\/v2\/pages"}],"about":[{"href":"https:\/\/rev-trac.com\/de\/wp-json\/wp\/v2\/types\/page"}],"author":[{"embeddable":true,"href":"https:\/\/rev-trac.com\/de\/wp-json\/wp\/v2\/users\/1"}],"replies":[{"embeddable":true,"href":"https:\/\/rev-trac.com\/de\/wp-json\/wp\/v2\/comments?post=99322"}],"version-history":[{"count":1,"href":"https:\/\/rev-trac.com\/de\/wp-json\/wp\/v2\/pages\/99322\/revisions"}],"predecessor-version":[{"id":99323,"href":"https:\/\/rev-trac.com\/de\/wp-json\/wp\/v2\/pages\/99322\/revisions\/99323"}],"up":[{"embeddable":true,"href":"https:\/\/rev-trac.com\/de\/wp-json\/wp\/v2\/pages\/98908"}],"wp:attachment":[{"href":"https:\/\/rev-trac.com\/de\/wp-json\/wp\/v2\/media?parent=99322"}],"curies":[{"name":"wp","href":"https:\/\/api.w.org\/{rel}","templated":true}]}}