{"id":98912,"date":"2025-10-30T09:59:49","date_gmt":"2025-10-29T22:59:49","guid":{"rendered":"https:\/\/rev-trac.com\/impressum\/"},"modified":"2026-02-23T13:17:15","modified_gmt":"2026-02-23T02:17:15","slug":"impressum","status":"publish","type":"page","link":"https:\/\/rev-trac.com\/de\/impressum\/","title":{"rendered":"Impressum"},"content":{"rendered":"\t\t<div data-elementor-type=\"wp-page\" data-elementor-id=\"98912\" class=\"elementor elementor-98912 elementor-96299\" data-elementor-settings=\"{&quot;element_pack_global_tooltip_width&quot;:{&quot;unit&quot;:&quot;px&quot;,&quot;size&quot;:&quot;&quot;,&quot;sizes&quot;:[]},&quot;element_pack_global_tooltip_width_widescreen&quot;:{&quot;unit&quot;:&quot;px&quot;,&quot;size&quot;:&quot;&quot;,&quot;sizes&quot;:[]},&quot;element_pack_global_tooltip_width_laptop&quot;:{&quot;unit&quot;:&quot;px&quot;,&quot;size&quot;:&quot;&quot;,&quot;sizes&quot;:[]},&quot;element_pack_global_tooltip_width_tablet_extra&quot;:{&quot;unit&quot;:&quot;px&quot;,&quot;size&quot;:&quot;&quot;,&quot;sizes&quot;:[]},&quot;element_pack_global_tooltip_width_tablet&quot;:{&quot;unit&quot;:&quot;px&quot;,&quot;size&quot;:&quot;&quot;,&quot;sizes&quot;:[]},&quot;element_pack_global_tooltip_width_mobile_extra&quot;:{&quot;unit&quot;:&quot;px&quot;,&quot;size&quot;:&quot;&quot;,&quot;sizes&quot;:[]},&quot;element_pack_global_tooltip_width_mobile&quot;:{&quot;unit&quot;:&quot;px&quot;,&quot;size&quot;:&quot;&quot;,&quot;sizes&quot;:[]},&quot;element_pack_global_tooltip_padding&quot;:{&quot;unit&quot;:&quot;px&quot;,&quot;top&quot;:&quot;&quot;,&quot;right&quot;:&quot;&quot;,&quot;bottom&quot;:&quot;&quot;,&quot;left&quot;:&quot;&quot;,&quot;isLinked&quot;:true},&quot;element_pack_global_tooltip_padding_widescreen&quot;:{&quot;unit&quot;:&quot;px&quot;,&quot;top&quot;:&quot;&quot;,&quot;right&quot;:&quot;&quot;,&quot;bottom&quot;:&quot;&quot;,&quot;left&quot;:&quot;&quot;,&quot;isLinked&quot;:true},&quot;element_pack_global_tooltip_padding_laptop&quot;:{&quot;unit&quot;:&quot;px&quot;,&quot;top&quot;:&quot;&quot;,&quot;right&quot;:&quot;&quot;,&quot;bottom&quot;:&quot;&quot;,&quot;left&quot;:&quot;&quot;,&quot;isLinked&quot;:true},&quot;element_pack_global_tooltip_padding_tablet_extra&quot;:{&quot;unit&quot;:&quot;px&quot;,&quot;top&quot;:&quot;&quot;,&quot;right&quot;:&quot;&quot;,&quot;bottom&quot;:&quot;&quot;,&quot;left&quot;:&quot;&quot;,&quot;isLinked&quot;:true},&quot;element_pack_global_tooltip_padding_tablet&quot;:{&quot;unit&quot;:&quot;px&quot;,&quot;top&quot;:&quot;&quot;,&quot;right&quot;:&quot;&quot;,&quot;bottom&quot;:&quot;&quot;,&quot;left&quot;:&quot;&quot;,&quot;isLinked&quot;:true},&quot;element_pack_global_tooltip_padding_mobile_extra&quot;:{&quot;unit&quot;:&quot;px&quot;,&quot;top&quot;:&quot;&quot;,&quot;right&quot;:&quot;&quot;,&quot;bottom&quot;:&quot;&quot;,&quot;left&quot;:&quot;&quot;,&quot;isLinked&quot;:true},&quot;element_pack_global_tooltip_padding_mobile&quot;:{&quot;unit&quot;:&quot;px&quot;,&quot;top&quot;:&quot;&quot;,&quot;right&quot;:&quot;&quot;,&quot;bottom&quot;:&quot;&quot;,&quot;left&quot;:&quot;&quot;,&quot;isLinked&quot;:true},&quot;element_pack_global_tooltip_border_radius&quot;:{&quot;unit&quot;:&quot;px&quot;,&quot;top&quot;:&quot;&quot;,&quot;right&quot;:&quot;&quot;,&quot;bottom&quot;:&quot;&quot;,&quot;left&quot;:&quot;&quot;,&quot;isLinked&quot;:true},&quot;element_pack_global_tooltip_border_radius_widescreen&quot;:{&quot;unit&quot;:&quot;px&quot;,&quot;top&quot;:&quot;&quot;,&quot;right&quot;:&quot;&quot;,&quot;bottom&quot;:&quot;&quot;,&quot;left&quot;:&quot;&quot;,&quot;isLinked&quot;:true},&quot;element_pack_global_tooltip_border_radius_laptop&quot;:{&quot;unit&quot;:&quot;px&quot;,&quot;top&quot;:&quot;&quot;,&quot;right&quot;:&quot;&quot;,&quot;bottom&quot;:&quot;&quot;,&quot;left&quot;:&quot;&quot;,&quot;isLinked&quot;:true},&quot;element_pack_global_tooltip_border_radius_tablet_extra&quot;:{&quot;unit&quot;:&quot;px&quot;,&quot;top&quot;:&quot;&quot;,&quot;right&quot;:&quot;&quot;,&quot;bottom&quot;:&quot;&quot;,&quot;left&quot;:&quot;&quot;,&quot;isLinked&quot;:true},&quot;element_pack_global_tooltip_border_radius_tablet&quot;:{&quot;unit&quot;:&quot;px&quot;,&quot;top&quot;:&quot;&quot;,&quot;right&quot;:&quot;&quot;,&quot;bottom&quot;:&quot;&quot;,&quot;left&quot;:&quot;&quot;,&quot;isLinked&quot;:true},&quot;element_pack_global_tooltip_border_radius_mobile_extra&quot;:{&quot;unit&quot;:&quot;px&quot;,&quot;top&quot;:&quot;&quot;,&quot;right&quot;:&quot;&quot;,&quot;bottom&quot;:&quot;&quot;,&quot;left&quot;:&quot;&quot;,&quot;isLinked&quot;:true},&quot;element_pack_global_tooltip_border_radius_mobile&quot;:{&quot;unit&quot;:&quot;px&quot;,&quot;top&quot;:&quot;&quot;,&quot;right&quot;:&quot;&quot;,&quot;bottom&quot;:&quot;&quot;,&quot;left&quot;:&quot;&quot;,&quot;isLinked&quot;:true}}\" data-elementor-post-type=\"page\">\n\t\t\t\t<div class=\"elementor-element elementor-element-64b14242 e-flex e-con-boxed e-con e-parent\" data-id=\"64b14242\" data-element_type=\"container\" data-e-type=\"container\">\n\t\t\t\t\t<div class=\"e-con-inner\">\n\t\t\t\t<div class=\"elementor-element elementor-element-1693949 elementor-widget elementor-widget-text-editor\" data-id=\"1693949\" data-element_type=\"widget\" data-e-type=\"widget\" data-widget_type=\"text-editor.default\">\n\t\t\t\t<div class=\"elementor-widget-container\">\n\t\t\t\t\t\t\t\t\t<p><strong>Angaben gem\u00e4\u00df \u00a7 5 DDG (Digitale-Dienste-Gesetz)<\/strong><\/p><p><strong><span class=\"_19pkidpf _2hwxidpf _otyridpf _18u0idpf _1i4qfg65 _11c82smr _syaz1fxt\">Revelation Software Concepts <\/span>Pty Ltd<\/strong><\/p><p><strong>Unit 102\/351 Burwood Hwy Forest Hill VIC 3131Australia<\/strong><\/p><p>Phone: +61 3 9955 9700<br \/>Email: info@rev-trac.com<br \/>Web: <a href=\"https:\/\/www.rev-trac.com\">www.rev-trac.com<\/a><\/p><p>Vertretungsberechtigte Person:<br \/><strong>David Owen<\/strong>, Managing Director<\/p><p><strong>Registereintrag:<\/strong><br \/>Registriert bei der Australian Securities and Investments Commission (ASIC)<br \/><b>Australian Company Number (ACN):<\/b> 080 257 941<br \/><b>Ausgegeben von Australian Taxation Office (ATO)<\/b><br \/><b>Australian Business Number (ABN):<\/b> 30 821 685 560<\/p><p>Umsatzsteuer-Identifikationsnummer gem\u00e4\u00df \u00a7 27 a Umsatzsteuergesetz:<br \/>Nicht zutreffend (Rev-Trac Pty Ltd ist in Australien ans\u00e4ssig)<\/p><p><strong>Verantwortlich f\u00fcr den Inhalt gem\u00e4\u00df \u00a7 55 Abs. 2 RStV <\/strong><\/p><p><strong><span class=\"_19pkidpf _2hwxidpf _otyridpf _18u0idpf _1i4qfg65 _11c82smr _syaz1fxt\">Revelation Software Concepts <\/span>Pty Ltd<br \/><\/strong>Unit 102\/351 Burwood Hwy Forest Hill VIC 3131, Australia<\/p><h3><strong>Haftungsausschluss<\/strong><\/h3><p><strong>Haftung f\u00fcr Inhalte<br \/>Die Inhalte dieser Website wurden mit gr\u00f6\u00dfter Sorgfalt erstellt. F\u00fcr die Richtigkeit, Vollst\u00e4ndigkeit und Aktualit\u00e4t der Inhalte \u00fcbernimmt Rev-Trac Pty Ltd keine Gew\u00e4hr.<\/strong> Als Diensteanbieter sind wir gem\u00e4\u00df \u00a7 7 Abs. 1 TMG f\u00fcr eigene Inhalte nach den allgemeinen Gesetzen verantwortlich.<br \/>Nach \u00a7\u00a7 8 bis 10 TMG sind wir als Diensteanbieter jedoch nicht verpflichtet, \u00fcbermittelte oder gespeicherte fremde Informationen zu \u00fcberwachen oder nach Umst\u00e4nden zu forschen, die auf eine rechtswidrige T\u00e4tigkeit hinweisen.<br \/>Verpflichtungen zur Entfernung oder Sperrung der Nutzung von Informationen nach den allgemeinen Gesetzen bleiben hiervon unber\u00fchrt.<br \/>Eine Haftung ist jedoch erst ab dem Zeitpunkt der Kenntnis einer konkreten Rechtsverletzung m\u00f6glich. Bei Bekanntwerden entsprechender Rechtsverletzungen werden wir diese Inhalte umgehend entfernen.<\/p><p><strong>Haftung f\u00fcr Links<br \/>Unser Angebot enth\u00e4lt Links zu externen Websites Dritter, auf deren Inhalte wir keinen Einfluss haben. Deshalb k\u00f6nnen wir f\u00fcr diese fremden Inhalte auch keine Gew\u00e4hr \u00fcbernehmen. F\u00fcr die Inhalte der verlinkten Seiten ist stets der jeweilige Anbieter oder Betreiber verantwortlich.<\/strong><br \/>Rechtswidrige Inhalte waren zum Zeitpunkt der Verlinkung nicht erkennbar. Eine permanente inhaltliche Kontrolle der verlinkten Seiten ist jedoch ohne konkrete Anhaltspunkte einer Rechtsverletzung nicht zumutbar. Bei Bekanntwerden von Rechtsverletzungen werden derartige Links umgehend entfernt.<\/p><p><strong>Nutzung der Website<\/strong><\/p><p>Die Inhalte dieser Website dienen ausschlie\u00dflich der allgemeinen Information \u00fcber Produkte und Dienstleistungen von <span class=\"_19pkidpf _2hwxidpf _otyridpf _18u0idpf _1i4qfg65 _11c82smr _syaz1fxt\">Revelation Software Concepts<\/span> Ltd. Sie stellen keine rechtliche, technische oder sonstige Beratung dar und begr\u00fcnden kein Vertragsverh\u00e4ltnis zwischen dem Nutzer und <span class=\"_19pkidpf _2hwxidpf _otyridpf _18u0idpf _1i4qfg65 _11c82smr _syaz1fxt\">Revelation Software Concepts<\/span> Ltd.<\/p><p><span class=\"_19pkidpf _2hwxidpf _otyridpf _18u0idpf _1i4qfg65 _11c82smr _syaz1fxt\">Revelation Software Concepts <\/span>Pty Ltd \u00fcbernimmt keine Gew\u00e4hr f\u00fcr die Verf\u00fcgbarkeit, Richtigkeit, Vollst\u00e4ndigkeit oder Aktualit\u00e4t der bereitgestellten Informationen. Jegliche Haftung f\u00fcr Sch\u00e4den, die direkt oder indirekt aus der Nutzung dieser Website entstehen, wird ausgeschlossen, soweit diese nicht auf vors\u00e4tzlichem oder grob fahrl\u00e4ssigem Verhalten von <span class=\"_19pkidpf _2hwxidpf _otyridpf _18u0idpf _1i4qfg65 _11c82smr _syaz1fxt\">Revelation Software Concepts <\/span>Pty Ltd beruhen.<\/p><p><strong>Urheberrecht<\/strong><\/p><p>Die Inhalte und Werke auf dieser Website, einschlie\u00dflich Texte, Bilder, Grafiken, Logos, Videos, Downloads und Quellcode, sind urheberrechtlich gesch\u00fctzt. Alle Rechte bleiben\u00a0<span class=\"_19pkidpf _2hwxidpf _otyridpf _18u0idpf _1i4qfg65 _11c82smr _syaz1fxt\">Revelation Software Concepts <\/span>Pty Ltd vorbehalten<\/p><p>Die Vervielf\u00e4ltigung, Bearbeitung, Verbreitung oder Speicherung der Inhalte, auch in Teilen, ist ohne ausdr\u00fcckliche schriftliche Zustimmung von <span class=\"_19pkidpf _2hwxidpf _otyridpf _18u0idpf _1i4qfg65 _11c82smr _syaz1fxt\">Revelation Software Concepts <\/span>Pty Ltd nicht gestattet.<br \/>Das Material darf ausschlie\u00dflich zu privaten, nichtkommerziellen Zwecken und unter Beachtung des Urheberrechts genutzt werden.<\/p><p><span class=\"_19pkidpf _2hwxidpf _otyridpf _18u0idpf _1i4qfg65 _11c82smr _syaz1fxt\">Revelation Software Concepts <\/span>Pty Ltd ist nicht verantwortlich f\u00fcr Inhalte externer Websites, auf die diese Seite direkt oder indirekt verweist. F\u00fcr den Inhalt externer Seiten sind ausschlie\u00dflich deren Betreiber verantwortlich.<\/p><p>Soweit nicht anders angegeben, stammen verwendete Fotos und Grafiken aus lizenzierten Quellen (z. B. Adobe Stock, iStock by Getty Images). Alle Bilddateien unterliegen dem Urheberrecht der jeweiligen Rechteinhaber und d\u00fcrfen nicht ohne Zustimmung kopiert oder in anderem Zusammenhang verwendet werden.<\/p><p><strong>Hinweis zur Zielgruppe<\/strong><\/p><p>Diese Website richtet sich auch an Nutzerinnen und Nutzer in der Europ\u00e4ischen Union und im deutschsprachigen Raum (DACH).<\/p><p><strong>Datenschutz<\/strong><\/p><p>Informationen zur Erhebung, Verarbeitung und Speicherung personenbezogener Daten finden Sie in unserer <a href=\"https:\/\/rev-trac.com\/de\/Datenschutz\/\">Datenschutzerkl\u00e4rung<\/a>.<\/p>\t\t\t\t\t\t\t\t<\/div>\n\t\t\t\t<\/div>\n\t\t\t\t\t<\/div>\n\t\t\t\t<\/div>\n\t\t\t\t<\/div>\n\t\t","protected":false},"excerpt":{"rendered":"<p>Angaben gem\u00e4\u00df \u00a7 5 DDG (Digitale-Dienste-Gesetz) Revelation Software Concepts Pty Ltd Unit 102\/351 Burwood Hwy Forest Hill VIC 3131Australia Phone: +61 3 9955 9700Email: info@rev-trac.comWeb: www.rev-trac.com Vertretungsberechtigte Person:David Owen, Managing Director Registereintrag:Registriert bei der Australian Securities and Investments Commission (ASIC)Australian Company Number (ACN): 080 257 941Ausgegeben von Australian Taxation Office (ATO)Australian Business Number (ABN): 30 [&hellip;]<\/p>\n","protected":false},"author":1,"featured_media":0,"parent":0,"menu_order":0,"comment_status":"closed","ping_status":"closed","template":"","meta":{"footnotes":""},"class_list":["post-98912","page","type-page","status-publish","hentry"],"yoast_head":"<!-- This site is optimized with the Yoast SEO Premium plugin v27.3 (Yoast SEO v27.3) - https:\/\/yoast.com\/product\/yoast-seo-premium-wordpress\/ -->\n<title>Impressum - Rev-Trac<\/title>\n<meta name=\"description\" content=\"Angaben gem\u00e4\u00df \u00a7 5 DDG (Digitale-Dienste-Gesetz)Revelation Software Concepts Pty LtdUnit 102\/351 Burwood Hwy Forest Hill VIC 3131AustraliaPhone: +61 3 9955\" \/>\n<meta name=\"robots\" content=\"index, follow, max-snippet:-1, max-image-preview:large, max-video-preview:-1\" \/>\n<link rel=\"canonical\" href=\"https:\/\/rev-trac.com\/de\/impressum\/\" \/>\n<meta property=\"og:locale\" content=\"de_DE\" \/>\n<meta property=\"og:type\" content=\"article\" \/>\n<meta property=\"og:title\" content=\"Impressum\" \/>\n<meta property=\"og:description\" content=\"Angaben gem\u00e4\u00df \u00a7 5 DDG (Digitale-Dienste-Gesetz)Revelation Software Concepts Pty LtdUnit 102\/351 Burwood Hwy Forest Hill VIC 3131AustraliaPhone: +61 3 9955\" \/>\n<meta property=\"og:url\" content=\"https:\/\/rev-trac.com\/de\/impressum\/\" \/>\n<meta property=\"og:site_name\" content=\"Rev-Trac\" \/>\n<meta property=\"article:publisher\" content=\"https:\/\/www.facebook.com\/revtrac\/\" \/>\n<meta property=\"article:modified_time\" content=\"2026-02-23T02:17:15+00:00\" \/>\n<meta name=\"twitter:card\" content=\"summary_large_image\" \/>\n<meta name=\"twitter:site\" content=\"@revtrac\" \/>\n<meta name=\"twitter:label1\" content=\"Gesch\u00e4tzte Lesezeit\" \/>\n\t<meta name=\"twitter:data1\" content=\"4\u00a0Minuten\" \/>\n<script type=\"application\/ld+json\" class=\"yoast-schema-graph\">{\"@context\":\"https:\\\/\\\/schema.org\",\"@graph\":[{\"@type\":\"WebPage\",\"@id\":\"https:\\\/\\\/rev-trac.com\\\/de\\\/impressum\\\/\",\"url\":\"https:\\\/\\\/rev-trac.com\\\/de\\\/impressum\\\/\",\"name\":\"Impressum - Rev-Trac\",\"isPartOf\":{\"@id\":\"https:\\\/\\\/rev-trac.com\\\/de\\\/#website\"},\"datePublished\":\"2025-10-29T22:59:49+00:00\",\"dateModified\":\"2026-02-23T02:17:15+00:00\",\"description\":\"Angaben gem\u00e4\u00df \u00a7 5 DDG (Digitale-Dienste-Gesetz)Revelation Software Concepts Pty LtdUnit 102\\\/351 Burwood Hwy Forest Hill VIC 3131AustraliaPhone: +61 3 9955\",\"breadcrumb\":{\"@id\":\"https:\\\/\\\/rev-trac.com\\\/de\\\/impressum\\\/#breadcrumb\"},\"inLanguage\":\"de\",\"potentialAction\":[{\"@type\":\"ReadAction\",\"target\":[\"https:\\\/\\\/rev-trac.com\\\/de\\\/impressum\\\/\"]}]},{\"@type\":\"BreadcrumbList\",\"@id\":\"https:\\\/\\\/rev-trac.com\\\/de\\\/impressum\\\/#breadcrumb\",\"itemListElement\":[{\"@type\":\"ListItem\",\"position\":1,\"name\":\"Home\",\"item\":\"https:\\\/\\\/rev-trac.com\\\/de\\\/\"},{\"@type\":\"ListItem\",\"position\":2,\"name\":\"Impressum\"}]},{\"@type\":\"WebSite\",\"@id\":\"https:\\\/\\\/rev-trac.com\\\/de\\\/#website\",\"url\":\"https:\\\/\\\/rev-trac.com\\\/de\\\/\",\"name\":\"Rev-Trac\",\"description\":\"Unifying SAP Change Management\",\"publisher\":{\"@id\":\"https:\\\/\\\/rev-trac.com\\\/de\\\/#organization\"},\"potentialAction\":[{\"@type\":\"SearchAction\",\"target\":{\"@type\":\"EntryPoint\",\"urlTemplate\":\"https:\\\/\\\/rev-trac.com\\\/de\\\/?s={search_term_string}\"},\"query-input\":{\"@type\":\"PropertyValueSpecification\",\"valueRequired\":true,\"valueName\":\"search_term_string\"}}],\"inLanguage\":\"de\"},{\"@type\":\"Organization\",\"@id\":\"https:\\\/\\\/rev-trac.com\\\/de\\\/#organization\",\"name\":\"Rev-Trac\",\"url\":\"https:\\\/\\\/rev-trac.com\\\/de\\\/\",\"logo\":{\"@type\":\"ImageObject\",\"inLanguage\":\"de\",\"@id\":\"https:\\\/\\\/rev-trac.com\\\/de\\\/#\\\/schema\\\/logo\\\/image\\\/\",\"url\":\"https:\\\/\\\/rev-trac.com\\\/wp-content\\\/uploads\\\/2022\\\/03\\\/Rev-TracwithTag_Horiz_colourrgb.png\",\"contentUrl\":\"https:\\\/\\\/rev-trac.com\\\/wp-content\\\/uploads\\\/2022\\\/03\\\/Rev-TracwithTag_Horiz_colourrgb.png\",\"width\":625,\"height\":163,\"caption\":\"Rev-Trac\"},\"image\":{\"@id\":\"https:\\\/\\\/rev-trac.com\\\/de\\\/#\\\/schema\\\/logo\\\/image\\\/\"},\"sameAs\":[\"https:\\\/\\\/www.facebook.com\\\/revtrac\\\/\",\"https:\\\/\\\/x.com\\\/revtrac\",\"https:\\\/\\\/www.youtube.com\\\/@rev-trac\",\"https:\\\/\\\/www.linkedin.com\\\/company\\\/rev-trac\\\/\",\"https:\\\/\\\/www.xing.com\\\/pages\\\/rev-trac\"]}]}<\/script>\n<!-- \/ Yoast SEO Premium plugin. -->","yoast_head_json":{"title":"Impressum - Rev-Trac","description":"Angaben gem\u00e4\u00df \u00a7 5 DDG (Digitale-Dienste-Gesetz)Revelation Software Concepts Pty LtdUnit 102\/351 Burwood Hwy Forest Hill VIC 3131AustraliaPhone: +61 3 9955","robots":{"index":"index","follow":"follow","max-snippet":"max-snippet:-1","max-image-preview":"max-image-preview:large","max-video-preview":"max-video-preview:-1"},"canonical":"https:\/\/rev-trac.com\/de\/impressum\/","og_locale":"de_DE","og_type":"article","og_title":"Impressum","og_description":"Angaben gem\u00e4\u00df \u00a7 5 DDG (Digitale-Dienste-Gesetz)Revelation Software Concepts Pty LtdUnit 102\/351 Burwood Hwy Forest Hill VIC 3131AustraliaPhone: +61 3 9955","og_url":"https:\/\/rev-trac.com\/de\/impressum\/","og_site_name":"Rev-Trac","article_publisher":"https:\/\/www.facebook.com\/revtrac\/","article_modified_time":"2026-02-23T02:17:15+00:00","twitter_card":"summary_large_image","twitter_site":"@revtrac","twitter_misc":{"Gesch\u00e4tzte Lesezeit":"4\u00a0Minuten"},"schema":{"@context":"https:\/\/schema.org","@graph":[{"@type":"WebPage","@id":"https:\/\/rev-trac.com\/de\/impressum\/","url":"https:\/\/rev-trac.com\/de\/impressum\/","name":"Impressum - Rev-Trac","isPartOf":{"@id":"https:\/\/rev-trac.com\/de\/#website"},"datePublished":"2025-10-29T22:59:49+00:00","dateModified":"2026-02-23T02:17:15+00:00","description":"Angaben gem\u00e4\u00df \u00a7 5 DDG (Digitale-Dienste-Gesetz)Revelation Software Concepts Pty LtdUnit 102\/351 Burwood Hwy Forest Hill VIC 3131AustraliaPhone: +61 3 9955","breadcrumb":{"@id":"https:\/\/rev-trac.com\/de\/impressum\/#breadcrumb"},"inLanguage":"de","potentialAction":[{"@type":"ReadAction","target":["https:\/\/rev-trac.com\/de\/impressum\/"]}]},{"@type":"BreadcrumbList","@id":"https:\/\/rev-trac.com\/de\/impressum\/#breadcrumb","itemListElement":[{"@type":"ListItem","position":1,"name":"Home","item":"https:\/\/rev-trac.com\/de\/"},{"@type":"ListItem","position":2,"name":"Impressum"}]},{"@type":"WebSite","@id":"https:\/\/rev-trac.com\/de\/#website","url":"https:\/\/rev-trac.com\/de\/","name":"Rev-Trac","description":"Unifying SAP Change Management","publisher":{"@id":"https:\/\/rev-trac.com\/de\/#organization"},"potentialAction":[{"@type":"SearchAction","target":{"@type":"EntryPoint","urlTemplate":"https:\/\/rev-trac.com\/de\/?s={search_term_string}"},"query-input":{"@type":"PropertyValueSpecification","valueRequired":true,"valueName":"search_term_string"}}],"inLanguage":"de"},{"@type":"Organization","@id":"https:\/\/rev-trac.com\/de\/#organization","name":"Rev-Trac","url":"https:\/\/rev-trac.com\/de\/","logo":{"@type":"ImageObject","inLanguage":"de","@id":"https:\/\/rev-trac.com\/de\/#\/schema\/logo\/image\/","url":"https:\/\/rev-trac.com\/wp-content\/uploads\/2022\/03\/Rev-TracwithTag_Horiz_colourrgb.png","contentUrl":"https:\/\/rev-trac.com\/wp-content\/uploads\/2022\/03\/Rev-TracwithTag_Horiz_colourrgb.png","width":625,"height":163,"caption":"Rev-Trac"},"image":{"@id":"https:\/\/rev-trac.com\/de\/#\/schema\/logo\/image\/"},"sameAs":["https:\/\/www.facebook.com\/revtrac\/","https:\/\/x.com\/revtrac","https:\/\/www.youtube.com\/@rev-trac","https:\/\/www.linkedin.com\/company\/rev-trac\/","https:\/\/www.xing.com\/pages\/rev-trac"]}]}},"_links":{"self":[{"href":"https:\/\/rev-trac.com\/de\/wp-json\/wp\/v2\/pages\/98912","targetHints":{"allow":["GET"]}}],"collection":[{"href":"https:\/\/rev-trac.com\/de\/wp-json\/wp\/v2\/pages"}],"about":[{"href":"https:\/\/rev-trac.com\/de\/wp-json\/wp\/v2\/types\/page"}],"author":[{"embeddable":true,"href":"https:\/\/rev-trac.com\/de\/wp-json\/wp\/v2\/users\/1"}],"replies":[{"embeddable":true,"href":"https:\/\/rev-trac.com\/de\/wp-json\/wp\/v2\/comments?post=98912"}],"version-history":[{"count":5,"href":"https:\/\/rev-trac.com\/de\/wp-json\/wp\/v2\/pages\/98912\/revisions"}],"predecessor-version":[{"id":99740,"href":"https:\/\/rev-trac.com\/de\/wp-json\/wp\/v2\/pages\/98912\/revisions\/99740"}],"wp:attachment":[{"href":"https:\/\/rev-trac.com\/de\/wp-json\/wp\/v2\/media?parent=98912"}],"curies":[{"name":"wp","href":"https:\/\/api.w.org\/{rel}","templated":true}]}}