{"id":98708,"date":"2025-05-12T10:40:28","date_gmt":"2025-05-12T00:40:28","guid":{"rendered":"https:\/\/rev-trac.com\/ueber-uns\/unser-team\/fiona-lorenzini\/"},"modified":"2026-02-24T17:34:19","modified_gmt":"2026-02-24T06:34:19","slug":"fiona-lorenzini","status":"publish","type":"page","link":"https:\/\/rev-trac.com\/de\/ueber-uns\/unser-team\/fiona-lorenzini\/","title":{"rendered":"Fiona Lorenzini"},"content":{"rendered":"\t\t<div data-elementor-type=\"wp-page\" data-elementor-id=\"98708\" class=\"elementor elementor-98708 elementor-92351\" data-elementor-settings=\"{&quot;element_pack_global_tooltip_width&quot;:{&quot;unit&quot;:&quot;px&quot;,&quot;size&quot;:&quot;&quot;,&quot;sizes&quot;:[]},&quot;element_pack_global_tooltip_width_widescreen&quot;:{&quot;unit&quot;:&quot;px&quot;,&quot;size&quot;:&quot;&quot;,&quot;sizes&quot;:[]},&quot;element_pack_global_tooltip_width_laptop&quot;:{&quot;unit&quot;:&quot;px&quot;,&quot;size&quot;:&quot;&quot;,&quot;sizes&quot;:[]},&quot;element_pack_global_tooltip_width_tablet_extra&quot;:{&quot;unit&quot;:&quot;px&quot;,&quot;size&quot;:&quot;&quot;,&quot;sizes&quot;:[]},&quot;element_pack_global_tooltip_width_tablet&quot;:{&quot;unit&quot;:&quot;px&quot;,&quot;size&quot;:&quot;&quot;,&quot;sizes&quot;:[]},&quot;element_pack_global_tooltip_width_mobile_extra&quot;:{&quot;unit&quot;:&quot;px&quot;,&quot;size&quot;:&quot;&quot;,&quot;sizes&quot;:[]},&quot;element_pack_global_tooltip_width_mobile&quot;:{&quot;unit&quot;:&quot;px&quot;,&quot;size&quot;:&quot;&quot;,&quot;sizes&quot;:[]},&quot;element_pack_global_tooltip_padding&quot;:{&quot;unit&quot;:&quot;px&quot;,&quot;top&quot;:&quot;&quot;,&quot;right&quot;:&quot;&quot;,&quot;bottom&quot;:&quot;&quot;,&quot;left&quot;:&quot;&quot;,&quot;isLinked&quot;:true},&quot;element_pack_global_tooltip_padding_widescreen&quot;:{&quot;unit&quot;:&quot;px&quot;,&quot;top&quot;:&quot;&quot;,&quot;right&quot;:&quot;&quot;,&quot;bottom&quot;:&quot;&quot;,&quot;left&quot;:&quot;&quot;,&quot;isLinked&quot;:true},&quot;element_pack_global_tooltip_padding_laptop&quot;:{&quot;unit&quot;:&quot;px&quot;,&quot;top&quot;:&quot;&quot;,&quot;right&quot;:&quot;&quot;,&quot;bottom&quot;:&quot;&quot;,&quot;left&quot;:&quot;&quot;,&quot;isLinked&quot;:true},&quot;element_pack_global_tooltip_padding_tablet_extra&quot;:{&quot;unit&quot;:&quot;px&quot;,&quot;top&quot;:&quot;&quot;,&quot;right&quot;:&quot;&quot;,&quot;bottom&quot;:&quot;&quot;,&quot;left&quot;:&quot;&quot;,&quot;isLinked&quot;:true},&quot;element_pack_global_tooltip_padding_tablet&quot;:{&quot;unit&quot;:&quot;px&quot;,&quot;top&quot;:&quot;&quot;,&quot;right&quot;:&quot;&quot;,&quot;bottom&quot;:&quot;&quot;,&quot;left&quot;:&quot;&quot;,&quot;isLinked&quot;:true},&quot;element_pack_global_tooltip_padding_mobile_extra&quot;:{&quot;unit&quot;:&quot;px&quot;,&quot;top&quot;:&quot;&quot;,&quot;right&quot;:&quot;&quot;,&quot;bottom&quot;:&quot;&quot;,&quot;left&quot;:&quot;&quot;,&quot;isLinked&quot;:true},&quot;element_pack_global_tooltip_padding_mobile&quot;:{&quot;unit&quot;:&quot;px&quot;,&quot;top&quot;:&quot;&quot;,&quot;right&quot;:&quot;&quot;,&quot;bottom&quot;:&quot;&quot;,&quot;left&quot;:&quot;&quot;,&quot;isLinked&quot;:true},&quot;element_pack_global_tooltip_border_radius&quot;:{&quot;unit&quot;:&quot;px&quot;,&quot;top&quot;:&quot;&quot;,&quot;right&quot;:&quot;&quot;,&quot;bottom&quot;:&quot;&quot;,&quot;left&quot;:&quot;&quot;,&quot;isLinked&quot;:true},&quot;element_pack_global_tooltip_border_radius_widescreen&quot;:{&quot;unit&quot;:&quot;px&quot;,&quot;top&quot;:&quot;&quot;,&quot;right&quot;:&quot;&quot;,&quot;bottom&quot;:&quot;&quot;,&quot;left&quot;:&quot;&quot;,&quot;isLinked&quot;:true},&quot;element_pack_global_tooltip_border_radius_laptop&quot;:{&quot;unit&quot;:&quot;px&quot;,&quot;top&quot;:&quot;&quot;,&quot;right&quot;:&quot;&quot;,&quot;bottom&quot;:&quot;&quot;,&quot;left&quot;:&quot;&quot;,&quot;isLinked&quot;:true},&quot;element_pack_global_tooltip_border_radius_tablet_extra&quot;:{&quot;unit&quot;:&quot;px&quot;,&quot;top&quot;:&quot;&quot;,&quot;right&quot;:&quot;&quot;,&quot;bottom&quot;:&quot;&quot;,&quot;left&quot;:&quot;&quot;,&quot;isLinked&quot;:true},&quot;element_pack_global_tooltip_border_radius_tablet&quot;:{&quot;unit&quot;:&quot;px&quot;,&quot;top&quot;:&quot;&quot;,&quot;right&quot;:&quot;&quot;,&quot;bottom&quot;:&quot;&quot;,&quot;left&quot;:&quot;&quot;,&quot;isLinked&quot;:true},&quot;element_pack_global_tooltip_border_radius_mobile_extra&quot;:{&quot;unit&quot;:&quot;px&quot;,&quot;top&quot;:&quot;&quot;,&quot;right&quot;:&quot;&quot;,&quot;bottom&quot;:&quot;&quot;,&quot;left&quot;:&quot;&quot;,&quot;isLinked&quot;:true},&quot;element_pack_global_tooltip_border_radius_mobile&quot;:{&quot;unit&quot;:&quot;px&quot;,&quot;top&quot;:&quot;&quot;,&quot;right&quot;:&quot;&quot;,&quot;bottom&quot;:&quot;&quot;,&quot;left&quot;:&quot;&quot;,&quot;isLinked&quot;:true}}\" data-elementor-post-type=\"page\">\n\t\t\t\t\t\t<section class=\"elementor-section elementor-top-section elementor-element elementor-element-f980e82 elementor-section-stretched elementor-section-boxed elementor-section-height-default elementor-section-height-default\" data-id=\"f980e82\" data-element_type=\"section\" data-e-type=\"section\" data-settings=\"{&quot;stretch_section&quot;:&quot;section-stretched&quot;}\">\n\t\t\t\t\t\t<div class=\"elementor-container elementor-column-gap-extended\">\n\t\t\t\t\t<div class=\"elementor-column elementor-col-50 elementor-top-column elementor-element elementor-element-1dc4443\" data-id=\"1dc4443\" data-element_type=\"column\" data-e-type=\"column\">\n\t\t\t<div class=\"elementor-widget-wrap elementor-element-populated\">\n\t\t\t\t\t\t<div class=\"elementor-element elementor-element-89043b7 elementor-widget elementor-widget-image\" data-id=\"89043b7\" data-element_type=\"widget\" data-e-type=\"widget\" data-widget_type=\"image.default\">\n\t\t\t\t<div class=\"elementor-widget-container\">\n\t\t\t\t\t\t\t\t\t\t\t\t\t\t\t<img decoding=\"async\" src=\"https:\/\/rev-trac.com\/wp-content\/uploads\/2025\/11\/Teams-Headshots-3.png\" title=\"\" alt=\"\" loading=\"lazy\" \/>\t\t\t\t\t\t\t\t\t\t\t\t\t\t\t<\/div>\n\t\t\t\t<\/div>\n\t\t\t\t\t<\/div>\n\t\t<\/div>\n\t\t\t\t<div class=\"elementor-column elementor-col-50 elementor-top-column elementor-element elementor-element-97a672c elementor-invisible\" data-id=\"97a672c\" data-element_type=\"column\" data-e-type=\"column\" data-settings=\"{&quot;animation&quot;:&quot;ova-move-down&quot;,&quot;animation_tablet&quot;:&quot;none&quot;}\">\n\t\t\t<div class=\"elementor-widget-wrap elementor-element-populated\">\n\t\t\t\t\t\t<div class=\"elementor-element elementor-element-1264904 elementor-widget elementor-widget-infetech_elementor_heading\" data-id=\"1264904\" data-element_type=\"widget\" data-e-type=\"widget\" data-widget_type=\"infetech_elementor_heading.default\">\n\t\t\t\t<div class=\"elementor-widget-container\">\n\t\t\t\t\t\n\t\t\t<div class=\"ova-heading\">\n\t\t\t\t\n\t\t\t\t\n\t\t\t\t\n\t\t\t\t\t<h3 class=\"title\">\t\t\t\t\t\t\t\t\t\t\t\t\tFiona Lorenzini ist Director of Marketing bei Revelation Software Concepts\t\t\t\t\t\t\t\t\t\t\t<\/h3>\n                \n                \n\t\t\t<\/div>\n\n\t\t\t\t\t\t<\/div>\n\t\t\t\t<\/div>\n\t\t\t\t<div class=\"elementor-element elementor-element-876f6e0 elementor-widget elementor-widget-text-editor\" data-id=\"876f6e0\" data-element_type=\"widget\" data-e-type=\"widget\" data-widget_type=\"text-editor.default\">\n\t\t\t\t<div class=\"elementor-widget-container\">\n\t\t\t\t\t\t\t\t\t<p data-start=\"77\" data-end=\"268\">Sie ist 2017 ins Unternehmen eingestiegen, um die Marketingaktivit\u00e4ten zu verantworten \u2013 von der Strategie bis zur Umsetzung \u2013 und die Vision von RSC f\u00fcr seine mehreren Brands mitzugestalten.<\/p><p data-start=\"270\" data-end=\"970\">Fiona bringt umfassende Erfahrung in der Software- und Technologiebranche aus unterschiedlichen Marketingrollen mit. Dadurch kann sie wirkungsvolle Programme f\u00fcr einzelne RSC Brands aufbauen und deren Reichweite in lokalen wie globalen M\u00e4rkten ausbauen. Ein wichtiger Erfolgsfaktor ist ihre Leidenschaft daf\u00fcr, aktuelle und neue Marketingplattformen im Blick zu behalten und den Mehrwert neuer Technologien schnell f\u00fcr spezifische M\u00e4rkte nutzbar zu machen. Besonders pr\u00e4gend ist au\u00dferdem, dass Fiona dazu beitr\u00e4gt, die Vision des Unternehmensgr\u00fcnders in die Praxis zu \u00fcbersetzen und eine Community aus Brands, Partnern und Anwendern aufzubauen \u2013 mit dem Anspruch, die Welt ein St\u00fcck besser zu machen.<\/p><div class=\"flex flex-col text-sm pb-25\"><article class=\"text-token-text-primary w-full focus:outline-none [--shadow-height:45px] has-data-writing-block:pointer-events-none has-data-writing-block:-mt-(--shadow-height) has-data-writing-block:pt-(--shadow-height) [&amp;:has([data-writing-block])&gt;*]:pointer-events-auto scroll-mt-[calc(var(--header-height)+min(200px,max(70px,20svh)))]\" dir=\"auto\" tabindex=\"-1\" data-turn-id=\"request-WEB:f94e18ae-a86d-4bc4-8b34-ac5b77ce89f2-13\" data-testid=\"conversation-turn-28\" data-scroll-anchor=\"true\" data-turn=\"assistant\"><div class=\"text-base my-auto mx-auto pb-10 [--thread-content-margin:--spacing(4)] @w-sm\/main:[--thread-content-margin:--spacing(6)] @w-lg\/main:[--thread-content-margin:--spacing(16)] px-(--thread-content-margin)\"><div class=\"[--thread-content-max-width:40rem] @w-lg\/main:[--thread-content-max-width:48rem] mx-auto max-w-(--thread-content-max-width) flex-1 group\/turn-messages focus-visible:outline-hidden relative flex w-full min-w-0 flex-col agent-turn\" tabindex=\"-1\"><div class=\"flex max-w-full flex-col grow\"><div class=\"min-h-8 text-message relative flex w-full flex-col items-end gap-2 text-start break-words whitespace-normal [.text-message+&amp;]:mt-1\" dir=\"auto\" data-message-author-role=\"assistant\" data-message-id=\"a229494c-6a74-4c0f-84b5-dc7d77e7629b\" data-message-model-slug=\"gpt-5-2-thinking\"><div class=\"flex w-full flex-col gap-1 empty:hidden first:pt-[1px]\"><div class=\"markdown prose dark:prose-invert w-full wrap-break-word dark markdown-new-styling\"><p data-start=\"972\" data-end=\"1239\" data-is-last-node=\"\" data-is-only-node=\"\">Au\u00dferhalb von RSC unternimmt Fiona gerne Familienabenteuer mit ihren Kindern. Sie kocht leidenschaftlich gern, liebt Boxen und organisiert Fundraising-Events f\u00fcr wohlt\u00e4tige Zwecke. Fiona hat einen Bachelorabschluss in Business Management von der Swinburne University.<\/p><\/div><\/div><\/div><\/div><\/div><\/div><\/article><\/div>\t\t\t\t\t\t\t\t<\/div>\n\t\t\t\t<\/div>\n\t\t\t\t\t<\/div>\n\t\t<\/div>\n\t\t\t\t\t<\/div>\n\t\t<\/section>\n\t\t\t\t<\/div>\n\t\t","protected":false},"excerpt":{"rendered":"<p>Rev-Trac automatisiert und vereinfacht das SAP Change Management. Seit \u00fcber 28 Jahren konzentrieren wir uns darauf, risikoreiche und arbeitsintensive Prozesse zu eliminieren und Unternehmen dabei zu helfen, SAP Changes schneller und zuverl\u00e4ssiger umzusetzen. <\/p>\n","protected":false},"author":23,"featured_media":97774,"parent":97789,"menu_order":0,"comment_status":"closed","ping_status":"closed","template":"","meta":{"footnotes":""},"class_list":["post-98708","page","type-page","status-publish","has-post-thumbnail","hentry"],"yoast_head":"<!-- This site is optimized with the Yoast SEO Premium plugin v27.5 (Yoast SEO v27.5) - https:\/\/yoast.com\/product\/yoast-seo-premium-wordpress\/ -->\n<title>Fiona Lorenzini - Rev-Trac<\/title>\n<meta name=\"description\" content=\"Rev-Trac automatisiert und vereinfacht das SAP Change Management. Seit \u00fcber 28 Jahren konzentrieren wir uns darauf, risikoreiche und arbeitsintensive Prozesse zu eliminieren und Unternehmen dabei zu helfen, SAP Changes schneller und zuverl\u00e4ssiger umzusetzen.\" \/>\n<meta name=\"robots\" content=\"index, follow, max-snippet:-1, max-image-preview:large, max-video-preview:-1\" \/>\n<link rel=\"canonical\" href=\"https:\/\/rev-trac.com\/de\/ueber-uns\/unser-team\/fiona-lorenzini\/\" \/>\n<meta property=\"og:locale\" content=\"de_DE\" \/>\n<meta property=\"og:type\" content=\"article\" \/>\n<meta property=\"og:title\" content=\"Fiona Lorenzini\" \/>\n<meta property=\"og:description\" content=\"Rev-Trac automatisiert und vereinfacht das SAP Change Management. Seit \u00fcber 28 Jahren konzentrieren wir uns darauf, risikoreiche und arbeitsintensive Prozesse zu eliminieren und Unternehmen dabei zu helfen, SAP Changes schneller und zuverl\u00e4ssiger umzusetzen.\" \/>\n<meta property=\"og:url\" content=\"https:\/\/rev-trac.com\/de\/ueber-uns\/unser-team\/fiona-lorenzini\/\" \/>\n<meta property=\"og:site_name\" content=\"Rev-Trac\" \/>\n<meta property=\"article:publisher\" content=\"https:\/\/www.facebook.com\/revtrac\/\" \/>\n<meta property=\"article:modified_time\" content=\"2026-02-24T06:34:19+00:00\" \/>\n<meta property=\"og:image\" content=\"https:\/\/rev-trac.com\/wp-content\/uploads\/2024\/02\/woman_couch_RT.png\" \/>\n\t<meta property=\"og:image:width\" content=\"1280\" \/>\n\t<meta property=\"og:image:height\" content=\"854\" \/>\n\t<meta property=\"og:image:type\" content=\"image\/png\" \/>\n<meta name=\"twitter:card\" content=\"summary_large_image\" \/>\n<meta name=\"twitter:site\" content=\"@revtrac\" \/>\n<meta name=\"twitter:label1\" content=\"Gesch\u00e4tzte Lesezeit\" \/>\n\t<meta name=\"twitter:data1\" content=\"2\u00a0Minuten\" \/>\n<script type=\"application\/ld+json\" class=\"yoast-schema-graph\">{\"@context\":\"https:\\\/\\\/schema.org\",\"@graph\":[{\"@type\":\"WebPage\",\"@id\":\"https:\\\/\\\/rev-trac.com\\\/de\\\/ueber-uns\\\/unser-team\\\/fiona-lorenzini\\\/\",\"url\":\"https:\\\/\\\/rev-trac.com\\\/de\\\/ueber-uns\\\/unser-team\\\/fiona-lorenzini\\\/\",\"name\":\"Fiona Lorenzini - Rev-Trac\",\"isPartOf\":{\"@id\":\"https:\\\/\\\/rev-trac.com\\\/de\\\/#website\"},\"primaryImageOfPage\":{\"@id\":\"https:\\\/\\\/rev-trac.com\\\/de\\\/ueber-uns\\\/unser-team\\\/fiona-lorenzini\\\/#primaryimage\"},\"image\":{\"@id\":\"https:\\\/\\\/rev-trac.com\\\/de\\\/ueber-uns\\\/unser-team\\\/fiona-lorenzini\\\/#primaryimage\"},\"thumbnailUrl\":\"https:\\\/\\\/rev-trac.com\\\/wp-content\\\/uploads\\\/2024\\\/02\\\/woman_couch_RT.png\",\"datePublished\":\"2025-05-12T00:40:28+00:00\",\"dateModified\":\"2026-02-24T06:34:19+00:00\",\"description\":\"Rev-Trac automatisiert und vereinfacht das SAP Change Management. Seit \u00fcber 28 Jahren konzentrieren wir uns darauf, risikoreiche und arbeitsintensive Prozesse zu eliminieren und Unternehmen dabei zu helfen, SAP Changes schneller und zuverl\u00e4ssiger umzusetzen.\",\"breadcrumb\":{\"@id\":\"https:\\\/\\\/rev-trac.com\\\/de\\\/ueber-uns\\\/unser-team\\\/fiona-lorenzini\\\/#breadcrumb\"},\"inLanguage\":\"de\",\"potentialAction\":[{\"@type\":\"ReadAction\",\"target\":[\"https:\\\/\\\/rev-trac.com\\\/de\\\/ueber-uns\\\/unser-team\\\/fiona-lorenzini\\\/\"]}]},{\"@type\":\"ImageObject\",\"inLanguage\":\"de\",\"@id\":\"https:\\\/\\\/rev-trac.com\\\/de\\\/ueber-uns\\\/unser-team\\\/fiona-lorenzini\\\/#primaryimage\",\"url\":\"https:\\\/\\\/rev-trac.com\\\/wp-content\\\/uploads\\\/2024\\\/02\\\/woman_couch_RT.png\",\"contentUrl\":\"https:\\\/\\\/rev-trac.com\\\/wp-content\\\/uploads\\\/2024\\\/02\\\/woman_couch_RT.png\",\"width\":1280,\"height\":854},{\"@type\":\"BreadcrumbList\",\"@id\":\"https:\\\/\\\/rev-trac.com\\\/de\\\/ueber-uns\\\/unser-team\\\/fiona-lorenzini\\\/#breadcrumb\",\"itemListElement\":[{\"@type\":\"ListItem\",\"position\":1,\"name\":\"Home\",\"item\":\"https:\\\/\\\/rev-trac.com\\\/de\\\/\"},{\"@type\":\"ListItem\",\"position\":2,\"name\":\"\u00dcber uns\",\"item\":\"https:\\\/\\\/rev-trac.com\\\/de\\\/ueber-uns\\\/\"},{\"@type\":\"ListItem\",\"position\":3,\"name\":\"Unser Team\",\"item\":\"https:\\\/\\\/rev-trac.com\\\/de\\\/ueber-uns\\\/unser-team\\\/\"},{\"@type\":\"ListItem\",\"position\":4,\"name\":\"Fiona Lorenzini\"}]},{\"@type\":\"WebSite\",\"@id\":\"https:\\\/\\\/rev-trac.com\\\/de\\\/#website\",\"url\":\"https:\\\/\\\/rev-trac.com\\\/de\\\/\",\"name\":\"Rev-Trac\",\"description\":\"Unifying SAP Change Management\",\"publisher\":{\"@id\":\"https:\\\/\\\/rev-trac.com\\\/de\\\/#organization\"},\"potentialAction\":[{\"@type\":\"SearchAction\",\"target\":{\"@type\":\"EntryPoint\",\"urlTemplate\":\"https:\\\/\\\/rev-trac.com\\\/de\\\/?s={search_term_string}\"},\"query-input\":{\"@type\":\"PropertyValueSpecification\",\"valueRequired\":true,\"valueName\":\"search_term_string\"}}],\"inLanguage\":\"de\"},{\"@type\":\"Organization\",\"@id\":\"https:\\\/\\\/rev-trac.com\\\/de\\\/#organization\",\"name\":\"Rev-Trac\",\"url\":\"https:\\\/\\\/rev-trac.com\\\/de\\\/\",\"logo\":{\"@type\":\"ImageObject\",\"inLanguage\":\"de\",\"@id\":\"https:\\\/\\\/rev-trac.com\\\/de\\\/#\\\/schema\\\/logo\\\/image\\\/\",\"url\":\"https:\\\/\\\/rev-trac.com\\\/wp-content\\\/uploads\\\/2022\\\/03\\\/Rev-TracwithTag_Horiz_colourrgb.png\",\"contentUrl\":\"https:\\\/\\\/rev-trac.com\\\/wp-content\\\/uploads\\\/2022\\\/03\\\/Rev-TracwithTag_Horiz_colourrgb.png\",\"width\":625,\"height\":163,\"caption\":\"Rev-Trac\"},\"image\":{\"@id\":\"https:\\\/\\\/rev-trac.com\\\/de\\\/#\\\/schema\\\/logo\\\/image\\\/\"},\"sameAs\":[\"https:\\\/\\\/www.facebook.com\\\/revtrac\\\/\",\"https:\\\/\\\/x.com\\\/revtrac\",\"https:\\\/\\\/www.youtube.com\\\/@rev-trac\",\"https:\\\/\\\/www.linkedin.com\\\/company\\\/rev-trac\\\/\",\"https:\\\/\\\/www.xing.com\\\/pages\\\/rev-trac\"]}]}<\/script>\n<!-- \/ Yoast SEO Premium plugin. -->","yoast_head_json":{"title":"Fiona Lorenzini - Rev-Trac","description":"Rev-Trac automatisiert und vereinfacht das SAP Change Management. Seit \u00fcber 28 Jahren konzentrieren wir uns darauf, risikoreiche und arbeitsintensive Prozesse zu eliminieren und Unternehmen dabei zu helfen, SAP Changes schneller und zuverl\u00e4ssiger umzusetzen.","robots":{"index":"index","follow":"follow","max-snippet":"max-snippet:-1","max-image-preview":"max-image-preview:large","max-video-preview":"max-video-preview:-1"},"canonical":"https:\/\/rev-trac.com\/de\/ueber-uns\/unser-team\/fiona-lorenzini\/","og_locale":"de_DE","og_type":"article","og_title":"Fiona Lorenzini","og_description":"Rev-Trac automatisiert und vereinfacht das SAP Change Management. Seit \u00fcber 28 Jahren konzentrieren wir uns darauf, risikoreiche und arbeitsintensive Prozesse zu eliminieren und Unternehmen dabei zu helfen, SAP Changes schneller und zuverl\u00e4ssiger umzusetzen.","og_url":"https:\/\/rev-trac.com\/de\/ueber-uns\/unser-team\/fiona-lorenzini\/","og_site_name":"Rev-Trac","article_publisher":"https:\/\/www.facebook.com\/revtrac\/","article_modified_time":"2026-02-24T06:34:19+00:00","og_image":[{"width":1280,"height":854,"url":"https:\/\/rev-trac.com\/wp-content\/uploads\/2024\/02\/woman_couch_RT.png","type":"image\/png"}],"twitter_card":"summary_large_image","twitter_site":"@revtrac","twitter_misc":{"Gesch\u00e4tzte Lesezeit":"2\u00a0Minuten"},"schema":{"@context":"https:\/\/schema.org","@graph":[{"@type":"WebPage","@id":"https:\/\/rev-trac.com\/de\/ueber-uns\/unser-team\/fiona-lorenzini\/","url":"https:\/\/rev-trac.com\/de\/ueber-uns\/unser-team\/fiona-lorenzini\/","name":"Fiona Lorenzini - Rev-Trac","isPartOf":{"@id":"https:\/\/rev-trac.com\/de\/#website"},"primaryImageOfPage":{"@id":"https:\/\/rev-trac.com\/de\/ueber-uns\/unser-team\/fiona-lorenzini\/#primaryimage"},"image":{"@id":"https:\/\/rev-trac.com\/de\/ueber-uns\/unser-team\/fiona-lorenzini\/#primaryimage"},"thumbnailUrl":"https:\/\/rev-trac.com\/wp-content\/uploads\/2024\/02\/woman_couch_RT.png","datePublished":"2025-05-12T00:40:28+00:00","dateModified":"2026-02-24T06:34:19+00:00","description":"Rev-Trac automatisiert und vereinfacht das SAP Change Management. Seit \u00fcber 28 Jahren konzentrieren wir uns darauf, risikoreiche und arbeitsintensive Prozesse zu eliminieren und Unternehmen dabei zu helfen, SAP Changes schneller und zuverl\u00e4ssiger umzusetzen.","breadcrumb":{"@id":"https:\/\/rev-trac.com\/de\/ueber-uns\/unser-team\/fiona-lorenzini\/#breadcrumb"},"inLanguage":"de","potentialAction":[{"@type":"ReadAction","target":["https:\/\/rev-trac.com\/de\/ueber-uns\/unser-team\/fiona-lorenzini\/"]}]},{"@type":"ImageObject","inLanguage":"de","@id":"https:\/\/rev-trac.com\/de\/ueber-uns\/unser-team\/fiona-lorenzini\/#primaryimage","url":"https:\/\/rev-trac.com\/wp-content\/uploads\/2024\/02\/woman_couch_RT.png","contentUrl":"https:\/\/rev-trac.com\/wp-content\/uploads\/2024\/02\/woman_couch_RT.png","width":1280,"height":854},{"@type":"BreadcrumbList","@id":"https:\/\/rev-trac.com\/de\/ueber-uns\/unser-team\/fiona-lorenzini\/#breadcrumb","itemListElement":[{"@type":"ListItem","position":1,"name":"Home","item":"https:\/\/rev-trac.com\/de\/"},{"@type":"ListItem","position":2,"name":"\u00dcber uns","item":"https:\/\/rev-trac.com\/de\/ueber-uns\/"},{"@type":"ListItem","position":3,"name":"Unser Team","item":"https:\/\/rev-trac.com\/de\/ueber-uns\/unser-team\/"},{"@type":"ListItem","position":4,"name":"Fiona Lorenzini"}]},{"@type":"WebSite","@id":"https:\/\/rev-trac.com\/de\/#website","url":"https:\/\/rev-trac.com\/de\/","name":"Rev-Trac","description":"Unifying SAP Change Management","publisher":{"@id":"https:\/\/rev-trac.com\/de\/#organization"},"potentialAction":[{"@type":"SearchAction","target":{"@type":"EntryPoint","urlTemplate":"https:\/\/rev-trac.com\/de\/?s={search_term_string}"},"query-input":{"@type":"PropertyValueSpecification","valueRequired":true,"valueName":"search_term_string"}}],"inLanguage":"de"},{"@type":"Organization","@id":"https:\/\/rev-trac.com\/de\/#organization","name":"Rev-Trac","url":"https:\/\/rev-trac.com\/de\/","logo":{"@type":"ImageObject","inLanguage":"de","@id":"https:\/\/rev-trac.com\/de\/#\/schema\/logo\/image\/","url":"https:\/\/rev-trac.com\/wp-content\/uploads\/2022\/03\/Rev-TracwithTag_Horiz_colourrgb.png","contentUrl":"https:\/\/rev-trac.com\/wp-content\/uploads\/2022\/03\/Rev-TracwithTag_Horiz_colourrgb.png","width":625,"height":163,"caption":"Rev-Trac"},"image":{"@id":"https:\/\/rev-trac.com\/de\/#\/schema\/logo\/image\/"},"sameAs":["https:\/\/www.facebook.com\/revtrac\/","https:\/\/x.com\/revtrac","https:\/\/www.youtube.com\/@rev-trac","https:\/\/www.linkedin.com\/company\/rev-trac\/","https:\/\/www.xing.com\/pages\/rev-trac"]}]}},"_links":{"self":[{"href":"https:\/\/rev-trac.com\/de\/wp-json\/wp\/v2\/pages\/98708","targetHints":{"allow":["GET"]}}],"collection":[{"href":"https:\/\/rev-trac.com\/de\/wp-json\/wp\/v2\/pages"}],"about":[{"href":"https:\/\/rev-trac.com\/de\/wp-json\/wp\/v2\/types\/page"}],"author":[{"embeddable":true,"href":"https:\/\/rev-trac.com\/de\/wp-json\/wp\/v2\/users\/23"}],"replies":[{"embeddable":true,"href":"https:\/\/rev-trac.com\/de\/wp-json\/wp\/v2\/comments?post=98708"}],"version-history":[{"count":4,"href":"https:\/\/rev-trac.com\/de\/wp-json\/wp\/v2\/pages\/98708\/revisions"}],"predecessor-version":[{"id":98829,"href":"https:\/\/rev-trac.com\/de\/wp-json\/wp\/v2\/pages\/98708\/revisions\/98829"}],"up":[{"embeddable":true,"href":"https:\/\/rev-trac.com\/de\/wp-json\/wp\/v2\/pages\/97789"}],"wp:featuredmedia":[{"embeddable":true,"href":"https:\/\/rev-trac.com\/de\/wp-json\/wp\/v2\/media\/97774"}],"wp:attachment":[{"href":"https:\/\/rev-trac.com\/de\/wp-json\/wp\/v2\/media?parent=98708"}],"curies":[{"name":"wp","href":"https:\/\/api.w.org\/{rel}","templated":true}]}}