{"id":98693,"date":"2025-05-12T10:42:11","date_gmt":"2025-05-12T00:42:11","guid":{"rendered":"https:\/\/rev-trac.com\/ueber-uns\/unser-team\/damien-markwell\/"},"modified":"2026-02-24T17:31:52","modified_gmt":"2026-02-24T06:31:52","slug":"damien-markwell","status":"publish","type":"page","link":"https:\/\/rev-trac.com\/de\/ueber-uns\/unser-team\/damien-markwell\/","title":{"rendered":"Damien Markwell"},"content":{"rendered":"\t\t<div data-elementor-type=\"wp-page\" data-elementor-id=\"98693\" class=\"elementor elementor-98693 elementor-92279\" data-elementor-settings=\"{&quot;element_pack_global_tooltip_width&quot;:{&quot;unit&quot;:&quot;px&quot;,&quot;size&quot;:&quot;&quot;,&quot;sizes&quot;:[]},&quot;element_pack_global_tooltip_width_widescreen&quot;:{&quot;unit&quot;:&quot;px&quot;,&quot;size&quot;:&quot;&quot;,&quot;sizes&quot;:[]},&quot;element_pack_global_tooltip_width_laptop&quot;:{&quot;unit&quot;:&quot;px&quot;,&quot;size&quot;:&quot;&quot;,&quot;sizes&quot;:[]},&quot;element_pack_global_tooltip_width_tablet_extra&quot;:{&quot;unit&quot;:&quot;px&quot;,&quot;size&quot;:&quot;&quot;,&quot;sizes&quot;:[]},&quot;element_pack_global_tooltip_width_tablet&quot;:{&quot;unit&quot;:&quot;px&quot;,&quot;size&quot;:&quot;&quot;,&quot;sizes&quot;:[]},&quot;element_pack_global_tooltip_width_mobile_extra&quot;:{&quot;unit&quot;:&quot;px&quot;,&quot;size&quot;:&quot;&quot;,&quot;sizes&quot;:[]},&quot;element_pack_global_tooltip_width_mobile&quot;:{&quot;unit&quot;:&quot;px&quot;,&quot;size&quot;:&quot;&quot;,&quot;sizes&quot;:[]},&quot;element_pack_global_tooltip_padding&quot;:{&quot;unit&quot;:&quot;px&quot;,&quot;top&quot;:&quot;&quot;,&quot;right&quot;:&quot;&quot;,&quot;bottom&quot;:&quot;&quot;,&quot;left&quot;:&quot;&quot;,&quot;isLinked&quot;:true},&quot;element_pack_global_tooltip_padding_widescreen&quot;:{&quot;unit&quot;:&quot;px&quot;,&quot;top&quot;:&quot;&quot;,&quot;right&quot;:&quot;&quot;,&quot;bottom&quot;:&quot;&quot;,&quot;left&quot;:&quot;&quot;,&quot;isLinked&quot;:true},&quot;element_pack_global_tooltip_padding_laptop&quot;:{&quot;unit&quot;:&quot;px&quot;,&quot;top&quot;:&quot;&quot;,&quot;right&quot;:&quot;&quot;,&quot;bottom&quot;:&quot;&quot;,&quot;left&quot;:&quot;&quot;,&quot;isLinked&quot;:true},&quot;element_pack_global_tooltip_padding_tablet_extra&quot;:{&quot;unit&quot;:&quot;px&quot;,&quot;top&quot;:&quot;&quot;,&quot;right&quot;:&quot;&quot;,&quot;bottom&quot;:&quot;&quot;,&quot;left&quot;:&quot;&quot;,&quot;isLinked&quot;:true},&quot;element_pack_global_tooltip_padding_tablet&quot;:{&quot;unit&quot;:&quot;px&quot;,&quot;top&quot;:&quot;&quot;,&quot;right&quot;:&quot;&quot;,&quot;bottom&quot;:&quot;&quot;,&quot;left&quot;:&quot;&quot;,&quot;isLinked&quot;:true},&quot;element_pack_global_tooltip_padding_mobile_extra&quot;:{&quot;unit&quot;:&quot;px&quot;,&quot;top&quot;:&quot;&quot;,&quot;right&quot;:&quot;&quot;,&quot;bottom&quot;:&quot;&quot;,&quot;left&quot;:&quot;&quot;,&quot;isLinked&quot;:true},&quot;element_pack_global_tooltip_padding_mobile&quot;:{&quot;unit&quot;:&quot;px&quot;,&quot;top&quot;:&quot;&quot;,&quot;right&quot;:&quot;&quot;,&quot;bottom&quot;:&quot;&quot;,&quot;left&quot;:&quot;&quot;,&quot;isLinked&quot;:true},&quot;element_pack_global_tooltip_border_radius&quot;:{&quot;unit&quot;:&quot;px&quot;,&quot;top&quot;:&quot;&quot;,&quot;right&quot;:&quot;&quot;,&quot;bottom&quot;:&quot;&quot;,&quot;left&quot;:&quot;&quot;,&quot;isLinked&quot;:true},&quot;element_pack_global_tooltip_border_radius_widescreen&quot;:{&quot;unit&quot;:&quot;px&quot;,&quot;top&quot;:&quot;&quot;,&quot;right&quot;:&quot;&quot;,&quot;bottom&quot;:&quot;&quot;,&quot;left&quot;:&quot;&quot;,&quot;isLinked&quot;:true},&quot;element_pack_global_tooltip_border_radius_laptop&quot;:{&quot;unit&quot;:&quot;px&quot;,&quot;top&quot;:&quot;&quot;,&quot;right&quot;:&quot;&quot;,&quot;bottom&quot;:&quot;&quot;,&quot;left&quot;:&quot;&quot;,&quot;isLinked&quot;:true},&quot;element_pack_global_tooltip_border_radius_tablet_extra&quot;:{&quot;unit&quot;:&quot;px&quot;,&quot;top&quot;:&quot;&quot;,&quot;right&quot;:&quot;&quot;,&quot;bottom&quot;:&quot;&quot;,&quot;left&quot;:&quot;&quot;,&quot;isLinked&quot;:true},&quot;element_pack_global_tooltip_border_radius_tablet&quot;:{&quot;unit&quot;:&quot;px&quot;,&quot;top&quot;:&quot;&quot;,&quot;right&quot;:&quot;&quot;,&quot;bottom&quot;:&quot;&quot;,&quot;left&quot;:&quot;&quot;,&quot;isLinked&quot;:true},&quot;element_pack_global_tooltip_border_radius_mobile_extra&quot;:{&quot;unit&quot;:&quot;px&quot;,&quot;top&quot;:&quot;&quot;,&quot;right&quot;:&quot;&quot;,&quot;bottom&quot;:&quot;&quot;,&quot;left&quot;:&quot;&quot;,&quot;isLinked&quot;:true},&quot;element_pack_global_tooltip_border_radius_mobile&quot;:{&quot;unit&quot;:&quot;px&quot;,&quot;top&quot;:&quot;&quot;,&quot;right&quot;:&quot;&quot;,&quot;bottom&quot;:&quot;&quot;,&quot;left&quot;:&quot;&quot;,&quot;isLinked&quot;:true}}\" data-elementor-post-type=\"page\">\n\t\t\t\t\t\t<section class=\"elementor-section elementor-top-section elementor-element elementor-element-f980e82 elementor-section-stretched elementor-section-boxed elementor-section-height-default elementor-section-height-default\" data-id=\"f980e82\" data-element_type=\"section\" data-e-type=\"section\" data-settings=\"{&quot;stretch_section&quot;:&quot;section-stretched&quot;}\">\n\t\t\t\t\t\t<div class=\"elementor-container elementor-column-gap-extended\">\n\t\t\t\t\t<div class=\"elementor-column elementor-col-50 elementor-top-column elementor-element elementor-element-1dc4443\" data-id=\"1dc4443\" data-element_type=\"column\" data-e-type=\"column\">\n\t\t\t<div class=\"elementor-widget-wrap elementor-element-populated\">\n\t\t\t\t\t\t<div class=\"elementor-element elementor-element-89043b7 elementor-widget elementor-widget-image\" data-id=\"89043b7\" data-element_type=\"widget\" data-e-type=\"widget\" data-widget_type=\"image.default\">\n\t\t\t\t<div class=\"elementor-widget-container\">\n\t\t\t\t\t\t\t\t\t\t\t\t\t\t\t<img decoding=\"async\" src=\"https:\/\/rev-trac.com\/wp-content\/uploads\/2025\/11\/Teams-Headshots-4.png\" title=\"\" alt=\"\" loading=\"lazy\" \/>\t\t\t\t\t\t\t\t\t\t\t\t\t\t\t<\/div>\n\t\t\t\t<\/div>\n\t\t\t\t\t<\/div>\n\t\t<\/div>\n\t\t\t\t<div class=\"elementor-column elementor-col-50 elementor-top-column elementor-element elementor-element-97a672c elementor-invisible\" data-id=\"97a672c\" data-element_type=\"column\" data-e-type=\"column\" data-settings=\"{&quot;animation&quot;:&quot;ova-move-down&quot;,&quot;animation_tablet&quot;:&quot;none&quot;}\">\n\t\t\t<div class=\"elementor-widget-wrap elementor-element-populated\">\n\t\t\t\t\t\t<div class=\"elementor-element elementor-element-1264904 elementor-widget elementor-widget-infetech_elementor_heading\" data-id=\"1264904\" data-element_type=\"widget\" data-e-type=\"widget\" data-widget_type=\"infetech_elementor_heading.default\">\n\t\t\t\t<div class=\"elementor-widget-container\">\n\t\t\t\t\t\n\t\t\t<div class=\"ova-heading\">\n\t\t\t\t\n\t\t\t\t\n\t\t\t\t\n\t\t\t\t\t<h3 class=\"title\">\t\t\t\t\t\t\t\t\t\t\t\t\tDamien Markwell ist Commercial Director APAC & EMEA bei Revelation Software Concepts\t\t\t\t\t\t\t\t\t\t\t<\/h3>\n                \n                \n\t\t\t<\/div>\n\n\t\t\t\t\t\t<\/div>\n\t\t\t\t<\/div>\n\t\t\t\t<div class=\"elementor-element elementor-element-876f6e0 elementor-widget elementor-widget-text-editor\" data-id=\"876f6e0\" data-element_type=\"widget\" data-e-type=\"widget\" data-widget_type=\"text-editor.default\">\n\t\t\t\t<div class=\"elementor-widget-container\">\n\t\t\t\t\t\t\t\t\t<p><span data-contrast=\"auto\">Damien trat dem Unternehmen 2004 als APAC Sales Manager bei, bevor er die Rollen des Global Sales Director und Commercial Lead \u2013 Customer Success Team \u00fcbernahm. Er ist nun als Commercial Director f\u00fcr die Regionen APAC und EMEA t\u00e4tig. <\/span><span data-ccp-props=\"{\"134233117\":true,\"134233118\":true}\"> <\/span><\/p><p><span data-contrast=\"auto\">In seiner neuen Rolle ist Damien f\u00fcr die F\u00f6rderung des Wachstums in beiden Regionen verantwortlich und stellt sicher, dass die Teams die notwendigen Tools und Unterst\u00fctzung erhalten, um ihre Ziele zu erreichen und zu \u00fcbertreffen. Er spielt auch eine Schl\u00fcsselrolle dabei, sicherzustellen, dass die bestehenden Kunden von Rev-Trac zufrieden, gut betreut und f\u00fcr den anhaltenden Erfolg positioniert sind. <\/span><span data-ccp-props=\"{\"134233117\":true,\"134233118\":true}\"> <\/span><\/p><p><span data-contrast=\"auto\">Damien bringt mehr als 25 Jahre Erfahrung im Vertrieb und im strategischen Account Management sowie ein tiefes Verst\u00e4ndnis der Kundenbed\u00fcrfnisse in diese Position ein. Sein kollaborativer Ansatz mit seinem Team und den Kunden, kombiniert mit einem Fokus auf messbare Ergebnisse, stellt sicher, dass Unternehmen Rev-Trac nicht nur einf\u00fchren, sondern auch langfristig davon profitieren. <\/span><span data-ccp-props=\"{\"134233117\":true,\"134233118\":true}\"> <\/span><\/p><p><span data-contrast=\"auto\">Au\u00dferhalb von RSC verbringt Damien gerne Zeit mit seiner Familie und in der Natur. Als leidenschaftlicher L\u00e4ufer ist er, wenn er nicht gerade l\u00e4uft, ebenso gerne im Garten oder in der K\u00fcche. <\/span><span data-ccp-props=\"{\"134233117\":true,\"134233118\":true}\"> <\/span><\/p>\t\t\t\t\t\t\t\t<\/div>\n\t\t\t\t<\/div>\n\t\t\t\t\t<\/div>\n\t\t<\/div>\n\t\t\t\t\t<\/div>\n\t\t<\/section>\n\t\t\t\t<\/div>\n\t\t","protected":false},"excerpt":{"rendered":"<p>Rev-Trac automatisiert und vereinfacht das SAP Change Management. Seit \u00fcber 28 Jahren konzentrieren wir uns darauf, risikoreiche und arbeitsintensive Prozesse zu eliminieren und Unternehmen dabei zu helfen, SAP Changes schneller und zuverl\u00e4ssiger umzusetzen. <\/p>\n","protected":false},"author":23,"featured_media":97774,"parent":97789,"menu_order":0,"comment_status":"closed","ping_status":"closed","template":"","meta":{"footnotes":""},"class_list":["post-98693","page","type-page","status-publish","has-post-thumbnail","hentry"],"yoast_head":"<!-- This site is optimized with the Yoast SEO Premium plugin v27.4 (Yoast SEO v27.4) - https:\/\/yoast.com\/product\/yoast-seo-premium-wordpress\/ -->\n<title>Damien Markwell - Rev-Trac<\/title>\n<meta name=\"description\" content=\"Rev-Trac automatisiert und vereinfacht das SAP Change Management. Seit \u00fcber 28 Jahren konzentrieren wir uns darauf, risikoreiche und arbeitsintensive Prozesse zu eliminieren und Unternehmen dabei zu helfen, SAP Changes schneller und zuverl\u00e4ssiger umzusetzen.\" \/>\n<meta name=\"robots\" content=\"index, follow, max-snippet:-1, max-image-preview:large, max-video-preview:-1\" \/>\n<link rel=\"canonical\" href=\"https:\/\/rev-trac.com\/de\/ueber-uns\/unser-team\/damien-markwell\/\" \/>\n<meta property=\"og:locale\" content=\"de_DE\" \/>\n<meta property=\"og:type\" content=\"article\" \/>\n<meta property=\"og:title\" content=\"Damien Markwell\" \/>\n<meta property=\"og:description\" content=\"Rev-Trac automatisiert und vereinfacht das SAP Change Management. Seit \u00fcber 28 Jahren konzentrieren wir uns darauf, risikoreiche und arbeitsintensive Prozesse zu eliminieren und Unternehmen dabei zu helfen, SAP Changes schneller und zuverl\u00e4ssiger umzusetzen.\" \/>\n<meta property=\"og:url\" content=\"https:\/\/rev-trac.com\/de\/ueber-uns\/unser-team\/damien-markwell\/\" \/>\n<meta property=\"og:site_name\" content=\"Rev-Trac\" \/>\n<meta property=\"article:publisher\" content=\"https:\/\/www.facebook.com\/revtrac\/\" \/>\n<meta property=\"article:modified_time\" content=\"2026-02-24T06:31:52+00:00\" \/>\n<meta property=\"og:image\" content=\"https:\/\/rev-trac.com\/wp-content\/uploads\/2024\/02\/woman_couch_RT.png\" \/>\n\t<meta property=\"og:image:width\" content=\"1280\" \/>\n\t<meta property=\"og:image:height\" content=\"854\" \/>\n\t<meta property=\"og:image:type\" content=\"image\/png\" \/>\n<meta name=\"twitter:card\" content=\"summary_large_image\" \/>\n<meta name=\"twitter:site\" content=\"@revtrac\" \/>\n<meta name=\"twitter:label1\" content=\"Gesch\u00e4tzte Lesezeit\" \/>\n\t<meta name=\"twitter:data1\" content=\"2\u00a0Minuten\" \/>\n<script type=\"application\/ld+json\" class=\"yoast-schema-graph\">{\"@context\":\"https:\\\/\\\/schema.org\",\"@graph\":[{\"@type\":\"WebPage\",\"@id\":\"https:\\\/\\\/rev-trac.com\\\/de\\\/ueber-uns\\\/unser-team\\\/damien-markwell\\\/\",\"url\":\"https:\\\/\\\/rev-trac.com\\\/de\\\/ueber-uns\\\/unser-team\\\/damien-markwell\\\/\",\"name\":\"Damien Markwell - Rev-Trac\",\"isPartOf\":{\"@id\":\"https:\\\/\\\/rev-trac.com\\\/de\\\/#website\"},\"primaryImageOfPage\":{\"@id\":\"https:\\\/\\\/rev-trac.com\\\/de\\\/ueber-uns\\\/unser-team\\\/damien-markwell\\\/#primaryimage\"},\"image\":{\"@id\":\"https:\\\/\\\/rev-trac.com\\\/de\\\/ueber-uns\\\/unser-team\\\/damien-markwell\\\/#primaryimage\"},\"thumbnailUrl\":\"https:\\\/\\\/rev-trac.com\\\/wp-content\\\/uploads\\\/2024\\\/02\\\/woman_couch_RT.png\",\"datePublished\":\"2025-05-12T00:42:11+00:00\",\"dateModified\":\"2026-02-24T06:31:52+00:00\",\"description\":\"Rev-Trac automatisiert und vereinfacht das SAP Change Management. Seit \u00fcber 28 Jahren konzentrieren wir uns darauf, risikoreiche und arbeitsintensive Prozesse zu eliminieren und Unternehmen dabei zu helfen, SAP Changes schneller und zuverl\u00e4ssiger umzusetzen.\",\"breadcrumb\":{\"@id\":\"https:\\\/\\\/rev-trac.com\\\/de\\\/ueber-uns\\\/unser-team\\\/damien-markwell\\\/#breadcrumb\"},\"inLanguage\":\"de\",\"potentialAction\":[{\"@type\":\"ReadAction\",\"target\":[\"https:\\\/\\\/rev-trac.com\\\/de\\\/ueber-uns\\\/unser-team\\\/damien-markwell\\\/\"]}]},{\"@type\":\"ImageObject\",\"inLanguage\":\"de\",\"@id\":\"https:\\\/\\\/rev-trac.com\\\/de\\\/ueber-uns\\\/unser-team\\\/damien-markwell\\\/#primaryimage\",\"url\":\"https:\\\/\\\/rev-trac.com\\\/wp-content\\\/uploads\\\/2024\\\/02\\\/woman_couch_RT.png\",\"contentUrl\":\"https:\\\/\\\/rev-trac.com\\\/wp-content\\\/uploads\\\/2024\\\/02\\\/woman_couch_RT.png\",\"width\":1280,\"height\":854},{\"@type\":\"BreadcrumbList\",\"@id\":\"https:\\\/\\\/rev-trac.com\\\/de\\\/ueber-uns\\\/unser-team\\\/damien-markwell\\\/#breadcrumb\",\"itemListElement\":[{\"@type\":\"ListItem\",\"position\":1,\"name\":\"Home\",\"item\":\"https:\\\/\\\/rev-trac.com\\\/de\\\/\"},{\"@type\":\"ListItem\",\"position\":2,\"name\":\"\u00dcber uns\",\"item\":\"https:\\\/\\\/rev-trac.com\\\/de\\\/ueber-uns\\\/\"},{\"@type\":\"ListItem\",\"position\":3,\"name\":\"Unser Team\",\"item\":\"https:\\\/\\\/rev-trac.com\\\/de\\\/ueber-uns\\\/unser-team\\\/\"},{\"@type\":\"ListItem\",\"position\":4,\"name\":\"Damien Markwell\"}]},{\"@type\":\"WebSite\",\"@id\":\"https:\\\/\\\/rev-trac.com\\\/de\\\/#website\",\"url\":\"https:\\\/\\\/rev-trac.com\\\/de\\\/\",\"name\":\"Rev-Trac\",\"description\":\"Unifying SAP Change Management\",\"publisher\":{\"@id\":\"https:\\\/\\\/rev-trac.com\\\/de\\\/#organization\"},\"potentialAction\":[{\"@type\":\"SearchAction\",\"target\":{\"@type\":\"EntryPoint\",\"urlTemplate\":\"https:\\\/\\\/rev-trac.com\\\/de\\\/?s={search_term_string}\"},\"query-input\":{\"@type\":\"PropertyValueSpecification\",\"valueRequired\":true,\"valueName\":\"search_term_string\"}}],\"inLanguage\":\"de\"},{\"@type\":\"Organization\",\"@id\":\"https:\\\/\\\/rev-trac.com\\\/de\\\/#organization\",\"name\":\"Rev-Trac\",\"url\":\"https:\\\/\\\/rev-trac.com\\\/de\\\/\",\"logo\":{\"@type\":\"ImageObject\",\"inLanguage\":\"de\",\"@id\":\"https:\\\/\\\/rev-trac.com\\\/de\\\/#\\\/schema\\\/logo\\\/image\\\/\",\"url\":\"https:\\\/\\\/rev-trac.com\\\/wp-content\\\/uploads\\\/2022\\\/03\\\/Rev-TracwithTag_Horiz_colourrgb.png\",\"contentUrl\":\"https:\\\/\\\/rev-trac.com\\\/wp-content\\\/uploads\\\/2022\\\/03\\\/Rev-TracwithTag_Horiz_colourrgb.png\",\"width\":625,\"height\":163,\"caption\":\"Rev-Trac\"},\"image\":{\"@id\":\"https:\\\/\\\/rev-trac.com\\\/de\\\/#\\\/schema\\\/logo\\\/image\\\/\"},\"sameAs\":[\"https:\\\/\\\/www.facebook.com\\\/revtrac\\\/\",\"https:\\\/\\\/x.com\\\/revtrac\",\"https:\\\/\\\/www.youtube.com\\\/@rev-trac\",\"https:\\\/\\\/www.linkedin.com\\\/company\\\/rev-trac\\\/\",\"https:\\\/\\\/www.xing.com\\\/pages\\\/rev-trac\"]}]}<\/script>\n<!-- \/ Yoast SEO Premium plugin. -->","yoast_head_json":{"title":"Damien Markwell - Rev-Trac","description":"Rev-Trac automatisiert und vereinfacht das SAP Change Management. Seit \u00fcber 28 Jahren konzentrieren wir uns darauf, risikoreiche und arbeitsintensive Prozesse zu eliminieren und Unternehmen dabei zu helfen, SAP Changes schneller und zuverl\u00e4ssiger umzusetzen.","robots":{"index":"index","follow":"follow","max-snippet":"max-snippet:-1","max-image-preview":"max-image-preview:large","max-video-preview":"max-video-preview:-1"},"canonical":"https:\/\/rev-trac.com\/de\/ueber-uns\/unser-team\/damien-markwell\/","og_locale":"de_DE","og_type":"article","og_title":"Damien Markwell","og_description":"Rev-Trac automatisiert und vereinfacht das SAP Change Management. Seit \u00fcber 28 Jahren konzentrieren wir uns darauf, risikoreiche und arbeitsintensive Prozesse zu eliminieren und Unternehmen dabei zu helfen, SAP Changes schneller und zuverl\u00e4ssiger umzusetzen.","og_url":"https:\/\/rev-trac.com\/de\/ueber-uns\/unser-team\/damien-markwell\/","og_site_name":"Rev-Trac","article_publisher":"https:\/\/www.facebook.com\/revtrac\/","article_modified_time":"2026-02-24T06:31:52+00:00","og_image":[{"width":1280,"height":854,"url":"https:\/\/rev-trac.com\/wp-content\/uploads\/2024\/02\/woman_couch_RT.png","type":"image\/png"}],"twitter_card":"summary_large_image","twitter_site":"@revtrac","twitter_misc":{"Gesch\u00e4tzte Lesezeit":"2\u00a0Minuten"},"schema":{"@context":"https:\/\/schema.org","@graph":[{"@type":"WebPage","@id":"https:\/\/rev-trac.com\/de\/ueber-uns\/unser-team\/damien-markwell\/","url":"https:\/\/rev-trac.com\/de\/ueber-uns\/unser-team\/damien-markwell\/","name":"Damien Markwell - Rev-Trac","isPartOf":{"@id":"https:\/\/rev-trac.com\/de\/#website"},"primaryImageOfPage":{"@id":"https:\/\/rev-trac.com\/de\/ueber-uns\/unser-team\/damien-markwell\/#primaryimage"},"image":{"@id":"https:\/\/rev-trac.com\/de\/ueber-uns\/unser-team\/damien-markwell\/#primaryimage"},"thumbnailUrl":"https:\/\/rev-trac.com\/wp-content\/uploads\/2024\/02\/woman_couch_RT.png","datePublished":"2025-05-12T00:42:11+00:00","dateModified":"2026-02-24T06:31:52+00:00","description":"Rev-Trac automatisiert und vereinfacht das SAP Change Management. Seit \u00fcber 28 Jahren konzentrieren wir uns darauf, risikoreiche und arbeitsintensive Prozesse zu eliminieren und Unternehmen dabei zu helfen, SAP Changes schneller und zuverl\u00e4ssiger umzusetzen.","breadcrumb":{"@id":"https:\/\/rev-trac.com\/de\/ueber-uns\/unser-team\/damien-markwell\/#breadcrumb"},"inLanguage":"de","potentialAction":[{"@type":"ReadAction","target":["https:\/\/rev-trac.com\/de\/ueber-uns\/unser-team\/damien-markwell\/"]}]},{"@type":"ImageObject","inLanguage":"de","@id":"https:\/\/rev-trac.com\/de\/ueber-uns\/unser-team\/damien-markwell\/#primaryimage","url":"https:\/\/rev-trac.com\/wp-content\/uploads\/2024\/02\/woman_couch_RT.png","contentUrl":"https:\/\/rev-trac.com\/wp-content\/uploads\/2024\/02\/woman_couch_RT.png","width":1280,"height":854},{"@type":"BreadcrumbList","@id":"https:\/\/rev-trac.com\/de\/ueber-uns\/unser-team\/damien-markwell\/#breadcrumb","itemListElement":[{"@type":"ListItem","position":1,"name":"Home","item":"https:\/\/rev-trac.com\/de\/"},{"@type":"ListItem","position":2,"name":"\u00dcber uns","item":"https:\/\/rev-trac.com\/de\/ueber-uns\/"},{"@type":"ListItem","position":3,"name":"Unser Team","item":"https:\/\/rev-trac.com\/de\/ueber-uns\/unser-team\/"},{"@type":"ListItem","position":4,"name":"Damien Markwell"}]},{"@type":"WebSite","@id":"https:\/\/rev-trac.com\/de\/#website","url":"https:\/\/rev-trac.com\/de\/","name":"Rev-Trac","description":"Unifying SAP Change Management","publisher":{"@id":"https:\/\/rev-trac.com\/de\/#organization"},"potentialAction":[{"@type":"SearchAction","target":{"@type":"EntryPoint","urlTemplate":"https:\/\/rev-trac.com\/de\/?s={search_term_string}"},"query-input":{"@type":"PropertyValueSpecification","valueRequired":true,"valueName":"search_term_string"}}],"inLanguage":"de"},{"@type":"Organization","@id":"https:\/\/rev-trac.com\/de\/#organization","name":"Rev-Trac","url":"https:\/\/rev-trac.com\/de\/","logo":{"@type":"ImageObject","inLanguage":"de","@id":"https:\/\/rev-trac.com\/de\/#\/schema\/logo\/image\/","url":"https:\/\/rev-trac.com\/wp-content\/uploads\/2022\/03\/Rev-TracwithTag_Horiz_colourrgb.png","contentUrl":"https:\/\/rev-trac.com\/wp-content\/uploads\/2022\/03\/Rev-TracwithTag_Horiz_colourrgb.png","width":625,"height":163,"caption":"Rev-Trac"},"image":{"@id":"https:\/\/rev-trac.com\/de\/#\/schema\/logo\/image\/"},"sameAs":["https:\/\/www.facebook.com\/revtrac\/","https:\/\/x.com\/revtrac","https:\/\/www.youtube.com\/@rev-trac","https:\/\/www.linkedin.com\/company\/rev-trac\/","https:\/\/www.xing.com\/pages\/rev-trac"]}]}},"_links":{"self":[{"href":"https:\/\/rev-trac.com\/de\/wp-json\/wp\/v2\/pages\/98693","targetHints":{"allow":["GET"]}}],"collection":[{"href":"https:\/\/rev-trac.com\/de\/wp-json\/wp\/v2\/pages"}],"about":[{"href":"https:\/\/rev-trac.com\/de\/wp-json\/wp\/v2\/types\/page"}],"author":[{"embeddable":true,"href":"https:\/\/rev-trac.com\/de\/wp-json\/wp\/v2\/users\/23"}],"replies":[{"embeddable":true,"href":"https:\/\/rev-trac.com\/de\/wp-json\/wp\/v2\/comments?post=98693"}],"version-history":[{"count":4,"href":"https:\/\/rev-trac.com\/de\/wp-json\/wp\/v2\/pages\/98693\/revisions"}],"predecessor-version":[{"id":98817,"href":"https:\/\/rev-trac.com\/de\/wp-json\/wp\/v2\/pages\/98693\/revisions\/98817"}],"up":[{"embeddable":true,"href":"https:\/\/rev-trac.com\/de\/wp-json\/wp\/v2\/pages\/97789"}],"wp:featuredmedia":[{"embeddable":true,"href":"https:\/\/rev-trac.com\/de\/wp-json\/wp\/v2\/media\/97774"}],"wp:attachment":[{"href":"https:\/\/rev-trac.com\/de\/wp-json\/wp\/v2\/media?parent=98693"}],"curies":[{"name":"wp","href":"https:\/\/api.w.org\/{rel}","templated":true}]}}